{"id":103,"date":"2018-03-08T16:11:18","date_gmt":"2018-03-08T15:11:18","guid":{"rendered":"http:\/\/ethana.de\/?page_id=103"},"modified":"2018-06-11T16:47:14","modified_gmt":"2018-06-11T14:47:14","slug":"__trashed-5","status":"publish","type":"page","link":"https:\/\/ethana.de\/?page_id=103","title":{"rendered":"Forschungsinstitut Futtermitteltechnik der IFF"},"content":{"rendered":"<p><a href=\"http:\/\/www.iff-braunschweig.de\/index.php\" target=\"_blank\" rel=\"noopener\"><img loading=\"lazy\" decoding=\"async\" class=\"alignnone size-full wp-image-176\" src=\"http:\/\/ethana.de\/wp-content\/uploads\/Logo-IFF.jpg\" alt=\"Logo IFF\" width=\"88\" height=\"84\" \/><\/a><\/p>\n<hr \/>\n<p>Die Internationale Forschungsgemeinschaft Futtermitteltechnik e.V. IFF wurde 1961 auf Initiative des Fachverbandes der Futtermittelindustrie gegr\u00fcndet. Sie verf\u00fcgt \u00fcber langj\u00e4hriges Know\u2010how auf dem Gebiet der mechanischen Verfahrenstechnik mit Schwerpunkt futtermitteltechnologischer Untersuchungen. Das von der IFF unterhaltene Forschungsinstitut verf\u00fcgt \u00fcber ein Technikum mit mehreren Pelletpressen, auf denen s\u00e4mtliche g\u00e4ngige Mischfutterprozesse untersucht und durch Parametervariation weitgehend erforscht werden k\u00f6nnen. Dazu geh\u00f6rt die Peripherie mit verschiedenen Zerkleinerungsapparaten (Walzenstuhl, Hammerm\u00fchle), Kurz\u2010, Langzeit\u2010 und Druckkonditioneure sowie K\u00fchler, mit denen insgesamt Kleinproduktionen und Spezialrezepturen mit bis zu mehreren Tonnen Mischfutter gefahren werden k\u00f6nnen. Im angeschlossenen Labor k\u00f6nnen futtermittelspezifische Analysen wie Partikelgr\u00f6\u00dfenverteilung, N\u00e4hrstoffgehalt oder Pelletfestigkeit durchgef\u00fchrt werden. Die IFF f\u00fchrt drittmittelgef\u00f6rderte Forschungsprojekte durch und bietet Laboranalysen als Dienstleistung an. Ein umfangreiches Lehrgangsangebot, die Veranstaltung von Fachtagungen sowie beratende T\u00e4tigkeiten im Bereich des Sicherheits\u2010, Qualit\u00e4ts\u2010 und Energiemanagements runden das Profil ab.<\/p>\n<hr \/>\n<p><a class=\"\" href=\"https:\/\/ethana.de\/verbundpartner\"><span class=\"screen-reader-text\">Verbundpartner<\/span><i class=\"fa fa-backward\"><\/i> zur\u00fcck zu Verbundpartner<\/a><\/p>\n","protected":false},"excerpt":{"rendered":"<p><img loading=\"lazy\" decoding=\"async\" class=\"alignleft size-full wp-image-176\" src=\"http:\/\/ethana.de\/wp-content\/uploads\/Logo-IFF.jpg\" alt=\"Logo IFF\" width=\"88\" height=\"84\" \/>Die Internationale Forschungsgemeinschaft Futtermitteltechnik e.V. IFF wurde 1961 auf Initiative des Fachverbandes der Futtermittelindustrie gegr\u00fcndet. Sie verf\u00fcgt \u00fcber langj\u00e4hriges Know\u2010how auf dem Gebiet der mechanischen Verfahrenstechnik mit Schwerpunkt futtermitteltechnologischer Untersuchungen.<\/p>\n","protected":false},"author":2,"featured_media":0,"parent":42,"menu_order":9,"comment_status":"closed","ping_status":"closed","template":"","meta":{"footnotes":""},"yoast_head":"<!-- This site is optimized with the Yoast SEO plugin v21.5 - https:\/\/yoast.com\/wordpress\/plugins\/seo\/ -->\n<title>Forschungsinstitut Futtermitteltechnik der IFF<\/title>\n<meta name=\"description\" content=\"Die Internationale Forschungsgemeinschaft Futtermitteltechnik e.V. IFF wurde 1961 auf Initiative des Fachverbandes der Futtermittelindustrie gegr\u00fcndet. Sie verf\u00fcgt \u00fcber langj\u00e4hriges Know\u2010how auf dem Gebiet der mechanischen Verfahrenstechnik mit Schwerpunkt futtermitteltechnologischer Untersuchungen.\" \/>\n<meta name=\"robots\" content=\"index, follow, max-snippet:-1, max-image-preview:large, max-video-preview:-1\" \/>\n<link rel=\"canonical\" href=\"https:\/\/ethana.de\/?page_id=103\" \/>\n<meta property=\"og:locale\" content=\"de_DE\" \/>\n<meta property=\"og:type\" content=\"article\" \/>\n<meta property=\"og:title\" content=\"Forschungsinstitut Futtermitteltechnik der IFF\" \/>\n<meta property=\"og:description\" content=\"Die Internationale Forschungsgemeinschaft Futtermitteltechnik e.V. IFF wurde 1961 auf Initiative des Fachverbandes der Futtermittelindustrie gegr\u00fcndet. Sie verf\u00fcgt \u00fcber langj\u00e4hriges Know\u2010how auf dem Gebiet der mechanischen Verfahrenstechnik mit Schwerpunkt futtermitteltechnologischer Untersuchungen.\" \/>\n<meta property=\"og:url\" content=\"https:\/\/ethana.de\/?page_id=103\" \/>\n<meta property=\"og:site_name\" content=\"ethana.de\" \/>\n<meta property=\"article:modified_time\" content=\"2018-06-11T14:47:14+00:00\" \/>\n<meta property=\"og:image\" content=\"http:\/\/ethana.de\/wp-content\/uploads\/Logo-IFF.jpg\" \/>\n<meta name=\"twitter:card\" content=\"summary_large_image\" \/>\n<meta name=\"twitter:label1\" content=\"Gesch\u00e4tzte Lesezeit\" \/>\n\t<meta name=\"twitter:data1\" content=\"1\u00a0Minute\" \/>\n<script type=\"application\/ld+json\" class=\"yoast-schema-graph\">{\"@context\":\"https:\/\/schema.org\",\"@graph\":[{\"@type\":\"WebPage\",\"@id\":\"https:\/\/ethana.de\/?page_id=103\",\"url\":\"https:\/\/ethana.de\/?page_id=103\",\"name\":\"Forschungsinstitut Futtermitteltechnik der IFF\",\"isPartOf\":{\"@id\":\"https:\/\/ethana.de\/#website\"},\"datePublished\":\"2018-03-08T15:11:18+00:00\",\"dateModified\":\"2018-06-11T14:47:14+00:00\",\"description\":\"Die Internationale Forschungsgemeinschaft Futtermitteltechnik e.V. IFF wurde 1961 auf Initiative des Fachverbandes der Futtermittelindustrie gegr\u00fcndet. Sie verf\u00fcgt \u00fcber langj\u00e4hriges Know\u2010how auf dem Gebiet der mechanischen Verfahrenstechnik mit Schwerpunkt futtermitteltechnologischer Untersuchungen.\",\"breadcrumb\":{\"@id\":\"https:\/\/ethana.de\/?page_id=103#breadcrumb\"},\"inLanguage\":\"de\",\"potentialAction\":[{\"@type\":\"ReadAction\",\"target\":[\"https:\/\/ethana.de\/?page_id=103\"]}]},{\"@type\":\"BreadcrumbList\",\"@id\":\"https:\/\/ethana.de\/?page_id=103#breadcrumb\",\"itemListElement\":[{\"@type\":\"ListItem\",\"position\":1,\"name\":\"Startseite\",\"item\":\"https:\/\/ethana.de\/\"},{\"@type\":\"ListItem\",\"position\":2,\"name\":\"Verbundpartner\",\"item\":\"https:\/\/ethana.de\/?page_id=42\"},{\"@type\":\"ListItem\",\"position\":3,\"name\":\"Forschungsinstitut Futtermitteltechnik der IFF\"}]},{\"@type\":\"WebSite\",\"@id\":\"https:\/\/ethana.de\/#website\",\"url\":\"https:\/\/ethana.de\/\",\"name\":\"ethana.de\",\"description\":\"neuartiges Konzept zur Aufarbeitung von Raps\",\"potentialAction\":[{\"@type\":\"SearchAction\",\"target\":{\"@type\":\"EntryPoint\",\"urlTemplate\":\"https:\/\/ethana.de\/?s={search_term_string}\"},\"query-input\":\"required name=search_term_string\"}],\"inLanguage\":\"de\"}]}<\/script>\n<!-- \/ Yoast SEO plugin. -->","yoast_head_json":{"title":"Forschungsinstitut Futtermitteltechnik der IFF","description":"Die Internationale Forschungsgemeinschaft Futtermitteltechnik e.V. IFF wurde 1961 auf Initiative des Fachverbandes der Futtermittelindustrie gegr\u00fcndet. Sie verf\u00fcgt \u00fcber langj\u00e4hriges Know\u2010how auf dem Gebiet der mechanischen Verfahrenstechnik mit Schwerpunkt futtermitteltechnologischer Untersuchungen.","robots":{"index":"index","follow":"follow","max-snippet":"max-snippet:-1","max-image-preview":"max-image-preview:large","max-video-preview":"max-video-preview:-1"},"canonical":"https:\/\/ethana.de\/?page_id=103","og_locale":"de_DE","og_type":"article","og_title":"Forschungsinstitut Futtermitteltechnik der IFF","og_description":"Die Internationale Forschungsgemeinschaft Futtermitteltechnik e.V. IFF wurde 1961 auf Initiative des Fachverbandes der Futtermittelindustrie gegr\u00fcndet. Sie verf\u00fcgt \u00fcber langj\u00e4hriges Know\u2010how auf dem Gebiet der mechanischen Verfahrenstechnik mit Schwerpunkt futtermitteltechnologischer Untersuchungen.","og_url":"https:\/\/ethana.de\/?page_id=103","og_site_name":"ethana.de","article_modified_time":"2018-06-11T14:47:14+00:00","og_image":[{"url":"http:\/\/ethana.de\/wp-content\/uploads\/Logo-IFF.jpg"}],"twitter_card":"summary_large_image","twitter_misc":{"Gesch\u00e4tzte Lesezeit":"1\u00a0Minute"},"schema":{"@context":"https:\/\/schema.org","@graph":[{"@type":"WebPage","@id":"https:\/\/ethana.de\/?page_id=103","url":"https:\/\/ethana.de\/?page_id=103","name":"Forschungsinstitut Futtermitteltechnik der IFF","isPartOf":{"@id":"https:\/\/ethana.de\/#website"},"datePublished":"2018-03-08T15:11:18+00:00","dateModified":"2018-06-11T14:47:14+00:00","description":"Die Internationale Forschungsgemeinschaft Futtermitteltechnik e.V. IFF wurde 1961 auf Initiative des Fachverbandes der Futtermittelindustrie gegr\u00fcndet. Sie verf\u00fcgt \u00fcber langj\u00e4hriges Know\u2010how auf dem Gebiet der mechanischen Verfahrenstechnik mit Schwerpunkt futtermitteltechnologischer Untersuchungen.","breadcrumb":{"@id":"https:\/\/ethana.de\/?page_id=103#breadcrumb"},"inLanguage":"de","potentialAction":[{"@type":"ReadAction","target":["https:\/\/ethana.de\/?page_id=103"]}]},{"@type":"BreadcrumbList","@id":"https:\/\/ethana.de\/?page_id=103#breadcrumb","itemListElement":[{"@type":"ListItem","position":1,"name":"Startseite","item":"https:\/\/ethana.de\/"},{"@type":"ListItem","position":2,"name":"Verbundpartner","item":"https:\/\/ethana.de\/?page_id=42"},{"@type":"ListItem","position":3,"name":"Forschungsinstitut Futtermitteltechnik der IFF"}]},{"@type":"WebSite","@id":"https:\/\/ethana.de\/#website","url":"https:\/\/ethana.de\/","name":"ethana.de","description":"neuartiges Konzept zur Aufarbeitung von Raps","potentialAction":[{"@type":"SearchAction","target":{"@type":"EntryPoint","urlTemplate":"https:\/\/ethana.de\/?s={search_term_string}"},"query-input":"required name=search_term_string"}],"inLanguage":"de"}]}},"_links":{"self":[{"href":"https:\/\/ethana.de\/index.php?rest_route=\/wp\/v2\/pages\/103"}],"collection":[{"href":"https:\/\/ethana.de\/index.php?rest_route=\/wp\/v2\/pages"}],"about":[{"href":"https:\/\/ethana.de\/index.php?rest_route=\/wp\/v2\/types\/page"}],"author":[{"embeddable":true,"href":"https:\/\/ethana.de\/index.php?rest_route=\/wp\/v2\/users\/2"}],"replies":[{"embeddable":true,"href":"https:\/\/ethana.de\/index.php?rest_route=%2Fwp%2Fv2%2Fcomments&post=103"}],"version-history":[{"count":12,"href":"https:\/\/ethana.de\/index.php?rest_route=\/wp\/v2\/pages\/103\/revisions"}],"predecessor-version":[{"id":942,"href":"https:\/\/ethana.de\/index.php?rest_route=\/wp\/v2\/pages\/103\/revisions\/942"}],"up":[{"embeddable":true,"href":"https:\/\/ethana.de\/index.php?rest_route=\/wp\/v2\/pages\/42"}],"wp:attachment":[{"href":"https:\/\/ethana.de\/index.php?rest_route=%2Fwp%2Fv2%2Fmedia&parent=103"}],"curies":[{"name":"wp","href":"https:\/\/api.w.org\/{rel}","templated":true}]}}