{"id":105,"date":"2018-03-08T16:11:19","date_gmt":"2018-03-08T15:11:19","guid":{"rendered":"http:\/\/ethana.de\/?page_id=105"},"modified":"2018-06-11T16:39:26","modified_gmt":"2018-06-11T14:39:26","slug":"kit","status":"publish","type":"page","link":"https:\/\/ethana.de\/?page_id=105","title":{"rendered":"Karlruher Institut f\u00fcr Technologie KIT &#8211; Institut f\u00fcr Industriebetriebslehre und Industrielle Produktion IIP"},"content":{"rendered":"<p><a href=\"https:\/\/www.kit.edu\/\" target=\"_blank\" rel=\"noopener\"><img loading=\"lazy\" decoding=\"async\" class=\"alignnone size-full wp-image-195\" src=\"http:\/\/ethana.de\/wp-content\/uploads\/Logo-KIT.jpg\" alt=\"Logo KIT \" width=\"204\" height=\"92\" \/><\/a><\/p>\n<hr \/>\n<p>Das Institut f\u00fcr Industriebetriebslehre und industrielle Produktion (IIP) des KIT verf\u00fcgt \u00fcber ein internationales Team aus ca. 50 Wirtschafts\u2010, Ingenieur\u2010, Natur\u2010 und Umweltwissenschaftlern, die interdisziplin\u00e4re, anwendungsorientierte Forschungsfragen bearbeiten. Speziell auf den Gebieten der techno\u2010\u00f6konomischen Analyse von Strategien zur nachhaltigen Nutzung von Biomasse, zur Reststoffverwertung, zur Prozess\u2010 und Produktbewertung sowie zur Entwicklung von Produktions\u2010, Logistik und Entsorgungskonzepten wurden zahlreiche Projekte f\u00fcr eine Vielzahl nationaler und internationaler \u00f6ffentlicher Auftraggeber sowie Industrieunternehmen erfolgreich durchgef\u00fchrt.<\/p>\n<p>U.a. \u00fcbernahm das IIP die \u00f6konomische und \u00f6kologische Begleitforschung im Projekt \u201eIntegrierte Bioproduktion Phase 1 und 2\u201c (FZK 22001909), in denen pflanzen\u00f6lbasierten Wertsch\u00f6pfungsketten bewertet wurden, und im Projekt Lignocellulose\u2010Bioraffinerie (Phase 1 und 2) (FZK 22014106 und 22019509). Kern dieser Arbeiten ist die Verbindung detaillierter Technologiebetrachtungen, etwa auf Basis von ingenieurwissenschaftlichen Prozessmodellen, mit betriebswirtschaftlichen Planungs\u2010 und Bewertungsmethoden sowie Methoden der \u00d6kobilanzierung unter Ber\u00fccksichtigung logistischer Aspekte. Dabei wurden umfassende Kenntnisse und Datenbest\u00e4nde aufgebaut und f\u00fcr einzelne Anlagen wie auch ganze Sektoren Bewertungs\u2010, Simulations\u2010 und Optimiermodelle unter Einsatz wirtschafts\u2010, ingenieur\u2010 und naturwissenschaftlicher Methoden erstellt und erfolgreich angewendet.<\/p>\n<hr \/>\n<p><a class=\"\" href=\"https:\/\/ethana.de\/verbundpartner\"><span class=\"screen-reader-text\">Verbundpartner<\/span><i class=\"fa fa-backward\"><\/i> zur\u00fcck zu Verbundpartner<\/a><\/p>\n","protected":false},"excerpt":{"rendered":"<p><img loading=\"lazy\" decoding=\"async\" class=\"alignleft size-full wp-image-195\" src=\"http:\/\/ethana.de\/wp-content\/uploads\/Logo-KIT.jpg\" alt=\"Logo KIT \" width=\"204\" height=\"92\" \/>Das Institut f\u00fcr Industriebetriebslehre und industrielle Produktion (IIP) des KIT verf\u00fcgt \u00fcber ein internationales Team aus ca. 50 Wirtschafts\u2010, Ingenieur\u2010, Natur\u2010 und Umweltwissenschaftlern, die interdisziplin\u00e4re, anwendungsorientierte Forschungsfragen bearbeiten.<\/p>\n","protected":false},"author":2,"featured_media":0,"parent":42,"menu_order":5,"comment_status":"closed","ping_status":"closed","template":"","meta":{"footnotes":""},"yoast_head":"<!-- This site is optimized with the Yoast SEO plugin v21.5 - https:\/\/yoast.com\/wordpress\/plugins\/seo\/ -->\n<title>Karlruher Institut f\u00fcr Technologie KIT - Institut f\u00fcr Industriebetriebslehre und Industrielle Produktion IIP<\/title>\n<meta name=\"description\" content=\"Das Institut f\u00fcr Industriebetriebslehre und industrielle Produktion (IIP) des KIT verf\u00fcgt \u00fcber ein internationales Team aus ca. 50 Wirtschafts\u2010, Ingenieur\u2010, Natur\u2010 und Umweltwissenschaftlern, die interdisziplin\u00e4re, anwendungsorientierte Forschungsfragen bearbeiten.\" \/>\n<meta name=\"robots\" content=\"index, follow, max-snippet:-1, max-image-preview:large, max-video-preview:-1\" \/>\n<link rel=\"canonical\" href=\"https:\/\/ethana.de\/?page_id=105\" \/>\n<meta property=\"og:locale\" content=\"de_DE\" \/>\n<meta property=\"og:type\" content=\"article\" \/>\n<meta property=\"og:title\" content=\"Karlruher Institut f\u00fcr Technologie KIT - Institut f\u00fcr Industriebetriebslehre und Industrielle Produktion IIP\" \/>\n<meta property=\"og:description\" content=\"Das Institut f\u00fcr Industriebetriebslehre und industrielle Produktion (IIP) des KIT verf\u00fcgt \u00fcber ein internationales Team aus ca. 50 Wirtschafts\u2010, Ingenieur\u2010, Natur\u2010 und Umweltwissenschaftlern, die interdisziplin\u00e4re, anwendungsorientierte Forschungsfragen bearbeiten.\" \/>\n<meta property=\"og:url\" content=\"https:\/\/ethana.de\/?page_id=105\" \/>\n<meta property=\"og:site_name\" content=\"ethana.de\" \/>\n<meta property=\"article:modified_time\" content=\"2018-06-11T14:39:26+00:00\" \/>\n<meta property=\"og:image\" content=\"http:\/\/ethana.de\/wp-content\/uploads\/Logo-KIT.jpg\" \/>\n<meta name=\"twitter:card\" content=\"summary_large_image\" \/>\n<meta name=\"twitter:label1\" content=\"Gesch\u00e4tzte Lesezeit\" \/>\n\t<meta name=\"twitter:data1\" content=\"1\u00a0Minute\" \/>\n<script type=\"application\/ld+json\" class=\"yoast-schema-graph\">{\"@context\":\"https:\/\/schema.org\",\"@graph\":[{\"@type\":\"WebPage\",\"@id\":\"https:\/\/ethana.de\/?page_id=105\",\"url\":\"https:\/\/ethana.de\/?page_id=105\",\"name\":\"Karlruher Institut f\u00fcr Technologie KIT - Institut f\u00fcr Industriebetriebslehre und Industrielle Produktion IIP\",\"isPartOf\":{\"@id\":\"https:\/\/ethana.de\/#website\"},\"datePublished\":\"2018-03-08T15:11:19+00:00\",\"dateModified\":\"2018-06-11T14:39:26+00:00\",\"description\":\"Das Institut f\u00fcr Industriebetriebslehre und industrielle Produktion (IIP) des KIT verf\u00fcgt \u00fcber ein internationales Team aus ca. 50 Wirtschafts\u2010, Ingenieur\u2010, Natur\u2010 und Umweltwissenschaftlern, die interdisziplin\u00e4re, anwendungsorientierte Forschungsfragen bearbeiten.\",\"breadcrumb\":{\"@id\":\"https:\/\/ethana.de\/?page_id=105#breadcrumb\"},\"inLanguage\":\"de\",\"potentialAction\":[{\"@type\":\"ReadAction\",\"target\":[\"https:\/\/ethana.de\/?page_id=105\"]}]},{\"@type\":\"BreadcrumbList\",\"@id\":\"https:\/\/ethana.de\/?page_id=105#breadcrumb\",\"itemListElement\":[{\"@type\":\"ListItem\",\"position\":1,\"name\":\"Startseite\",\"item\":\"https:\/\/ethana.de\/\"},{\"@type\":\"ListItem\",\"position\":2,\"name\":\"Verbundpartner\",\"item\":\"https:\/\/ethana.de\/?page_id=42\"},{\"@type\":\"ListItem\",\"position\":3,\"name\":\"Karlruher Institut f\u00fcr Technologie KIT &#8211; Institut f\u00fcr Industriebetriebslehre und Industrielle Produktion IIP\"}]},{\"@type\":\"WebSite\",\"@id\":\"https:\/\/ethana.de\/#website\",\"url\":\"https:\/\/ethana.de\/\",\"name\":\"ethana.de\",\"description\":\"neuartiges Konzept zur Aufarbeitung von Raps\",\"potentialAction\":[{\"@type\":\"SearchAction\",\"target\":{\"@type\":\"EntryPoint\",\"urlTemplate\":\"https:\/\/ethana.de\/?s={search_term_string}\"},\"query-input\":\"required name=search_term_string\"}],\"inLanguage\":\"de\"}]}<\/script>\n<!-- \/ Yoast SEO plugin. -->","yoast_head_json":{"title":"Karlruher Institut f\u00fcr Technologie KIT - Institut f\u00fcr Industriebetriebslehre und Industrielle Produktion IIP","description":"Das Institut f\u00fcr Industriebetriebslehre und industrielle Produktion (IIP) des KIT verf\u00fcgt \u00fcber ein internationales Team aus ca. 50 Wirtschafts\u2010, Ingenieur\u2010, Natur\u2010 und Umweltwissenschaftlern, die interdisziplin\u00e4re, anwendungsorientierte Forschungsfragen bearbeiten.","robots":{"index":"index","follow":"follow","max-snippet":"max-snippet:-1","max-image-preview":"max-image-preview:large","max-video-preview":"max-video-preview:-1"},"canonical":"https:\/\/ethana.de\/?page_id=105","og_locale":"de_DE","og_type":"article","og_title":"Karlruher Institut f\u00fcr Technologie KIT - Institut f\u00fcr Industriebetriebslehre und Industrielle Produktion IIP","og_description":"Das Institut f\u00fcr Industriebetriebslehre und industrielle Produktion (IIP) des KIT verf\u00fcgt \u00fcber ein internationales Team aus ca. 50 Wirtschafts\u2010, Ingenieur\u2010, Natur\u2010 und Umweltwissenschaftlern, die interdisziplin\u00e4re, anwendungsorientierte Forschungsfragen bearbeiten.","og_url":"https:\/\/ethana.de\/?page_id=105","og_site_name":"ethana.de","article_modified_time":"2018-06-11T14:39:26+00:00","og_image":[{"url":"http:\/\/ethana.de\/wp-content\/uploads\/Logo-KIT.jpg"}],"twitter_card":"summary_large_image","twitter_misc":{"Gesch\u00e4tzte Lesezeit":"1\u00a0Minute"},"schema":{"@context":"https:\/\/schema.org","@graph":[{"@type":"WebPage","@id":"https:\/\/ethana.de\/?page_id=105","url":"https:\/\/ethana.de\/?page_id=105","name":"Karlruher Institut f\u00fcr Technologie KIT - Institut f\u00fcr Industriebetriebslehre und Industrielle Produktion IIP","isPartOf":{"@id":"https:\/\/ethana.de\/#website"},"datePublished":"2018-03-08T15:11:19+00:00","dateModified":"2018-06-11T14:39:26+00:00","description":"Das Institut f\u00fcr Industriebetriebslehre und industrielle Produktion (IIP) des KIT verf\u00fcgt \u00fcber ein internationales Team aus ca. 50 Wirtschafts\u2010, Ingenieur\u2010, Natur\u2010 und Umweltwissenschaftlern, die interdisziplin\u00e4re, anwendungsorientierte Forschungsfragen bearbeiten.","breadcrumb":{"@id":"https:\/\/ethana.de\/?page_id=105#breadcrumb"},"inLanguage":"de","potentialAction":[{"@type":"ReadAction","target":["https:\/\/ethana.de\/?page_id=105"]}]},{"@type":"BreadcrumbList","@id":"https:\/\/ethana.de\/?page_id=105#breadcrumb","itemListElement":[{"@type":"ListItem","position":1,"name":"Startseite","item":"https:\/\/ethana.de\/"},{"@type":"ListItem","position":2,"name":"Verbundpartner","item":"https:\/\/ethana.de\/?page_id=42"},{"@type":"ListItem","position":3,"name":"Karlruher Institut f\u00fcr Technologie KIT &#8211; Institut f\u00fcr Industriebetriebslehre und Industrielle Produktion IIP"}]},{"@type":"WebSite","@id":"https:\/\/ethana.de\/#website","url":"https:\/\/ethana.de\/","name":"ethana.de","description":"neuartiges Konzept zur Aufarbeitung von Raps","potentialAction":[{"@type":"SearchAction","target":{"@type":"EntryPoint","urlTemplate":"https:\/\/ethana.de\/?s={search_term_string}"},"query-input":"required name=search_term_string"}],"inLanguage":"de"}]}},"_links":{"self":[{"href":"https:\/\/ethana.de\/index.php?rest_route=\/wp\/v2\/pages\/105"}],"collection":[{"href":"https:\/\/ethana.de\/index.php?rest_route=\/wp\/v2\/pages"}],"about":[{"href":"https:\/\/ethana.de\/index.php?rest_route=\/wp\/v2\/types\/page"}],"author":[{"embeddable":true,"href":"https:\/\/ethana.de\/index.php?rest_route=\/wp\/v2\/users\/2"}],"replies":[{"embeddable":true,"href":"https:\/\/ethana.de\/index.php?rest_route=%2Fwp%2Fv2%2Fcomments&post=105"}],"version-history":[{"count":7,"href":"https:\/\/ethana.de\/index.php?rest_route=\/wp\/v2\/pages\/105\/revisions"}],"predecessor-version":[{"id":643,"href":"https:\/\/ethana.de\/index.php?rest_route=\/wp\/v2\/pages\/105\/revisions\/643"}],"up":[{"embeddable":true,"href":"https:\/\/ethana.de\/index.php?rest_route=\/wp\/v2\/pages\/42"}],"wp:attachment":[{"href":"https:\/\/ethana.de\/index.php?rest_route=%2Fwp%2Fv2%2Fmedia&parent=105"}],"curies":[{"name":"wp","href":"https:\/\/api.w.org\/{rel}","templated":true}]}}