{"id":107,"date":"2018-03-08T16:11:14","date_gmt":"2018-03-08T15:11:14","guid":{"rendered":"http:\/\/ethana.de\/?page_id=107"},"modified":"2018-06-11T16:37:47","modified_gmt":"2018-06-11T14:37:47","slug":"verbundpartner-bbengineering","status":"publish","type":"page","link":"https:\/\/ethana.de\/?page_id=107","title":{"rendered":"B+B Engineering GmbH"},"content":{"rendered":"<p><a href=\"https:\/\/www.b-b-engineering.de\" target=\"_blank\" rel=\"noopener\"><img loading=\"lazy\" decoding=\"async\" class=\"alignnone size-medium wp-image-174\" src=\"http:\/\/ethana.de\/wp-content\/uploads\/Logo-BB-Engineering-300x85.jpg\" alt=\"Logo BB Engineering GmbH\" width=\"300\" height=\"85\" srcset=\"https:\/\/ethana.de\/wp-content\/uploads\/Logo-BB-Engineering-300x85.jpg 300w, https:\/\/ethana.de\/wp-content\/uploads\/Logo-BB-Engineering.jpg 320w\" sizes=\"(max-width: 300px) 100vw, 300px\" \/><\/a><\/p>\n<hr \/>\n<p>B+B Engineering GmbH wurde 1991 in Magdeburg gegr\u00fcndet.<\/p>\n<p>Hauptausrichtung war die Beratung und der Kundendienst f\u00fcr den Anlagenbau in der Nahrungsg\u00fcter\u2010 und Pharmaindustrie. Ende 2011 erfolgte eine Neuausrichtung des Unternehmens durch Erweiterung der Gesch\u00e4ftsfelder um Engineering und Anlagenbau f\u00fcr die chemische, pharmazeutische und Lebensmittelindustrie sowie den Energiebereich. Wichtigste Kernkompetenz im Leistungsspektrum von B+B Engineering mit langj\u00e4hriger Erfahrung der Ingenieure sind Engineering und Anlagenbau insbesondere f\u00fcr die \u00d6lsaatenverarbeitung und die Pflanzen\u00f6ltechnologie. Es werden Engineering\u2010Leistungen mit Verfahrens\u2010Know\u2010how sowie komplette Prozessanlagen, die die Modernisierung und Leistungserh\u00f6hung bestehender Anlagen einschlie\u00dfen, vor allem im Bereich der \u00d6lsaatenverarbeitung, der Raffination pflanzlicher \u00d6le und Fette sowie der Herstellung von Spezialfetten realisiert. Prozessoptimierungen und Anlagenanpassungen zum effizienten Energieeinsatz runden das angebotene Leistungsspektrum ab. Weitere wirtschaftliche Schwerpunkte sind Engineering\u2010Leistungen und Anlagenbau in der chemischen und pharmazeutischen Industrie sowie f\u00fcr den wirtschaftlichen Energieeinsatz. Zur Sicherung und Ausbau f\u00fchrender Marktpositionen ist die Integration eines permanenten Innovationsprozesses wesentlicher Teil des Leistungsspektrums von B+B Engineering.<\/p>\n<p>Das Unternehmen ist auf solides und zielstrebiges Wachstum orientiert mit der Schaffung weiterer hochwertiger Arbeitspl\u00e4tze. Die Engineering\u2010Leistungen f\u00fcr die o.g. Industriezweige mit dem Schwerpunkt Pflanzen\u00f6ltechnologie erstrecken sich von der Erarbeitung technisch\u2010wirtschaftlicher Konzepte und Studien im Rahmen der Projektvorplanung, \u00fcber die Ausf\u00fchrungsplanung in den Etappen Basic\u2010 und Detail\u2010Engineering bis hin zum kompletten Projektmanagement bei der Projektrealisierung. Der Anlagenbau umfasst sowohl Leistungen als Generalunternehmer f\u00fcr Turn\u2010Key\u2010Projekte, als auch Teilprojekte, Modernisierung und Kapazit\u00e4tserh\u00f6hung bestehender Anlagen. Eine besondere St\u00e4rke des Unternehmens sind Sonderanlagen und ma\u00dfgeschneiderte kundenspezifische Projekte.<\/p>\n<hr \/>\n<p><a class=\"\" href=\"https:\/\/ethana.de\/verbundpartner\"><span class=\"screen-reader-text\">Verbundpartner<\/span><i class=\"fa fa-backward\"><\/i> zur\u00fcck zu Verbundpartner<\/a><\/p>\n","protected":false},"excerpt":{"rendered":"<p><img loading=\"lazy\" decoding=\"async\" class=\"alignright size-medium wp-image-174\" src=\"http:\/\/ethana.de\/wp-content\/uploads\/Logo-BB-Engineering-300x85.jpg\" alt=\"Logo BB Engineering GmbH\" width=\"300\" height=\"85\" srcset=\"https:\/\/ethana.de\/wp-content\/uploads\/Logo-BB-Engineering-300x85.jpg 300w, https:\/\/ethana.de\/wp-content\/uploads\/Logo-BB-Engineering.jpg 320w\" sizes=\"(max-width: 300px) 100vw, 300px\" \/>B+B Engineering GmbH wurde 1991 in Magdeburg gegr\u00fcndet. Hauptausrichtung war die Beratung und der Kundendienst f\u00fcr den Anlagenbau in der Nahrungsg\u00fcter\u2010 und Pharmaindustrie. <\/p>\n","protected":false},"author":2,"featured_media":0,"parent":42,"menu_order":2,"comment_status":"closed","ping_status":"closed","template":"","meta":{"footnotes":""},"yoast_head":"<!-- This site is optimized with the Yoast SEO plugin v21.5 - https:\/\/yoast.com\/wordpress\/plugins\/seo\/ -->\n<title>B+B Engineering GmbH<\/title>\n<meta name=\"description\" content=\"B+B Engineering GmbH wurde 1991 in Magdeburg gegr\u00fcndet. Hauptausrichtung war die Beratung und der Kundendienst f\u00fcr den Anlagenbau in der Nahrungsg\u00fcter\u2010 und Pharmaindustrie.\" \/>\n<meta name=\"robots\" content=\"index, follow, max-snippet:-1, max-image-preview:large, max-video-preview:-1\" \/>\n<link rel=\"canonical\" href=\"https:\/\/ethana.de\/?page_id=107\" \/>\n<meta property=\"og:locale\" content=\"de_DE\" \/>\n<meta property=\"og:type\" content=\"article\" \/>\n<meta property=\"og:title\" content=\"B+B Engineering GmbH\" \/>\n<meta property=\"og:description\" content=\"B+B Engineering GmbH wurde 1991 in Magdeburg gegr\u00fcndet. Hauptausrichtung war die Beratung und der Kundendienst f\u00fcr den Anlagenbau in der Nahrungsg\u00fcter\u2010 und Pharmaindustrie.\" \/>\n<meta property=\"og:url\" content=\"https:\/\/ethana.de\/?page_id=107\" \/>\n<meta property=\"og:site_name\" content=\"ethana.de\" \/>\n<meta property=\"article:modified_time\" content=\"2018-06-11T14:37:47+00:00\" \/>\n<meta property=\"og:image\" content=\"http:\/\/ethana.de\/wp-content\/uploads\/Logo-BB-Engineering-300x85.jpg\" \/>\n<meta name=\"twitter:card\" content=\"summary_large_image\" \/>\n<meta name=\"twitter:label1\" content=\"Gesch\u00e4tzte Lesezeit\" \/>\n\t<meta name=\"twitter:data1\" content=\"1\u00a0Minute\" \/>\n<script type=\"application\/ld+json\" class=\"yoast-schema-graph\">{\"@context\":\"https:\/\/schema.org\",\"@graph\":[{\"@type\":\"WebPage\",\"@id\":\"https:\/\/ethana.de\/?page_id=107\",\"url\":\"https:\/\/ethana.de\/?page_id=107\",\"name\":\"B+B Engineering GmbH\",\"isPartOf\":{\"@id\":\"https:\/\/ethana.de\/#website\"},\"datePublished\":\"2018-03-08T15:11:14+00:00\",\"dateModified\":\"2018-06-11T14:37:47+00:00\",\"description\":\"B+B Engineering GmbH wurde 1991 in Magdeburg gegr\u00fcndet. Hauptausrichtung war die Beratung und der Kundendienst f\u00fcr den Anlagenbau in der Nahrungsg\u00fcter\u2010 und Pharmaindustrie.\",\"breadcrumb\":{\"@id\":\"https:\/\/ethana.de\/?page_id=107#breadcrumb\"},\"inLanguage\":\"de\",\"potentialAction\":[{\"@type\":\"ReadAction\",\"target\":[\"https:\/\/ethana.de\/?page_id=107\"]}]},{\"@type\":\"BreadcrumbList\",\"@id\":\"https:\/\/ethana.de\/?page_id=107#breadcrumb\",\"itemListElement\":[{\"@type\":\"ListItem\",\"position\":1,\"name\":\"Startseite\",\"item\":\"https:\/\/ethana.de\/\"},{\"@type\":\"ListItem\",\"position\":2,\"name\":\"Verbundpartner\",\"item\":\"https:\/\/ethana.de\/?page_id=42\"},{\"@type\":\"ListItem\",\"position\":3,\"name\":\"B+B Engineering GmbH\"}]},{\"@type\":\"WebSite\",\"@id\":\"https:\/\/ethana.de\/#website\",\"url\":\"https:\/\/ethana.de\/\",\"name\":\"ethana.de\",\"description\":\"neuartiges Konzept zur Aufarbeitung von Raps\",\"potentialAction\":[{\"@type\":\"SearchAction\",\"target\":{\"@type\":\"EntryPoint\",\"urlTemplate\":\"https:\/\/ethana.de\/?s={search_term_string}\"},\"query-input\":\"required name=search_term_string\"}],\"inLanguage\":\"de\"}]}<\/script>\n<!-- \/ Yoast SEO plugin. -->","yoast_head_json":{"title":"B+B Engineering GmbH","description":"B+B Engineering GmbH wurde 1991 in Magdeburg gegr\u00fcndet. Hauptausrichtung war die Beratung und der Kundendienst f\u00fcr den Anlagenbau in der Nahrungsg\u00fcter\u2010 und Pharmaindustrie.","robots":{"index":"index","follow":"follow","max-snippet":"max-snippet:-1","max-image-preview":"max-image-preview:large","max-video-preview":"max-video-preview:-1"},"canonical":"https:\/\/ethana.de\/?page_id=107","og_locale":"de_DE","og_type":"article","og_title":"B+B Engineering GmbH","og_description":"B+B Engineering GmbH wurde 1991 in Magdeburg gegr\u00fcndet. Hauptausrichtung war die Beratung und der Kundendienst f\u00fcr den Anlagenbau in der Nahrungsg\u00fcter\u2010 und Pharmaindustrie.","og_url":"https:\/\/ethana.de\/?page_id=107","og_site_name":"ethana.de","article_modified_time":"2018-06-11T14:37:47+00:00","og_image":[{"url":"http:\/\/ethana.de\/wp-content\/uploads\/Logo-BB-Engineering-300x85.jpg"}],"twitter_card":"summary_large_image","twitter_misc":{"Gesch\u00e4tzte Lesezeit":"1\u00a0Minute"},"schema":{"@context":"https:\/\/schema.org","@graph":[{"@type":"WebPage","@id":"https:\/\/ethana.de\/?page_id=107","url":"https:\/\/ethana.de\/?page_id=107","name":"B+B Engineering GmbH","isPartOf":{"@id":"https:\/\/ethana.de\/#website"},"datePublished":"2018-03-08T15:11:14+00:00","dateModified":"2018-06-11T14:37:47+00:00","description":"B+B Engineering GmbH wurde 1991 in Magdeburg gegr\u00fcndet. Hauptausrichtung war die Beratung und der Kundendienst f\u00fcr den Anlagenbau in der Nahrungsg\u00fcter\u2010 und Pharmaindustrie.","breadcrumb":{"@id":"https:\/\/ethana.de\/?page_id=107#breadcrumb"},"inLanguage":"de","potentialAction":[{"@type":"ReadAction","target":["https:\/\/ethana.de\/?page_id=107"]}]},{"@type":"BreadcrumbList","@id":"https:\/\/ethana.de\/?page_id=107#breadcrumb","itemListElement":[{"@type":"ListItem","position":1,"name":"Startseite","item":"https:\/\/ethana.de\/"},{"@type":"ListItem","position":2,"name":"Verbundpartner","item":"https:\/\/ethana.de\/?page_id=42"},{"@type":"ListItem","position":3,"name":"B+B Engineering GmbH"}]},{"@type":"WebSite","@id":"https:\/\/ethana.de\/#website","url":"https:\/\/ethana.de\/","name":"ethana.de","description":"neuartiges Konzept zur Aufarbeitung von Raps","potentialAction":[{"@type":"SearchAction","target":{"@type":"EntryPoint","urlTemplate":"https:\/\/ethana.de\/?s={search_term_string}"},"query-input":"required name=search_term_string"}],"inLanguage":"de"}]}},"_links":{"self":[{"href":"https:\/\/ethana.de\/index.php?rest_route=\/wp\/v2\/pages\/107"}],"collection":[{"href":"https:\/\/ethana.de\/index.php?rest_route=\/wp\/v2\/pages"}],"about":[{"href":"https:\/\/ethana.de\/index.php?rest_route=\/wp\/v2\/types\/page"}],"author":[{"embeddable":true,"href":"https:\/\/ethana.de\/index.php?rest_route=\/wp\/v2\/users\/2"}],"replies":[{"embeddable":true,"href":"https:\/\/ethana.de\/index.php?rest_route=%2Fwp%2Fv2%2Fcomments&post=107"}],"version-history":[{"count":15,"href":"https:\/\/ethana.de\/index.php?rest_route=\/wp\/v2\/pages\/107\/revisions"}],"predecessor-version":[{"id":642,"href":"https:\/\/ethana.de\/index.php?rest_route=\/wp\/v2\/pages\/107\/revisions\/642"}],"up":[{"embeddable":true,"href":"https:\/\/ethana.de\/index.php?rest_route=\/wp\/v2\/pages\/42"}],"wp:attachment":[{"href":"https:\/\/ethana.de\/index.php?rest_route=%2Fwp%2Fv2%2Fmedia&parent=107"}],"curies":[{"name":"wp","href":"https:\/\/api.w.org\/{rel}","templated":true}]}}