{"id":109,"date":"2018-03-08T16:11:17","date_gmt":"2018-03-08T15:11:17","guid":{"rendered":"http:\/\/ethana.de\/?page_id=109"},"modified":"2018-06-11T16:48:27","modified_gmt":"2018-06-11T14:48:27","slug":"cthywissengmbh","status":"publish","type":"page","link":"https:\/\/ethana.de\/?page_id=109","title":{"rendered":"C.Thywissen GmbH"},"content":{"rendered":"<p><a href=\"https:\/\/www.c-thywissen.de\/de\/\" target=\"_blank\" rel=\"noopener\"><img loading=\"lazy\" decoding=\"async\" class=\"alignnone size-medium wp-image-175\" src=\"http:\/\/ethana.de\/wp-content\/uploads\/Logo-C.Thywissen-300x75.jpg\" alt=\"Logo C.Thywissen\" width=\"300\" height=\"75\" srcset=\"https:\/\/ethana.de\/wp-content\/uploads\/Logo-C.Thywissen-300x75.jpg 300w, https:\/\/ethana.de\/wp-content\/uploads\/Logo-C.Thywissen.jpg 324w\" sizes=\"(max-width: 300px) 100vw, 300px\" \/><\/a><\/p>\n<hr \/>\n<p>Das Unternehmen Thywissen wurde 1839 in Neuss als \u00d6lm\u00fchle und \u00d6lhandlung gegr\u00fcndet. Noch heute nach 175 Jahren ist dieser Bereich die Kernkompetenz des Unternehmens.<\/p>\n<p>In dieser Zeitspanne wurden verschiedene Bereiche betrieben, so waren eine Lackfabrik, eine Seifenfabrik, eine weitere \u00d6lm\u00fchle mit Biodieselanlage in Verdun (Frankreich) und M\u00e4lzereien dem Unternehmen angeschlossen. Die M\u00e4lzereien, die gemeinsam zu gleichen Teilen mit der Firma Schill betrieben wurde, wurden in 2011 als gr\u00f6\u00dfte deutsche Malzgruppe an die australische Firma Graincorp ver\u00e4u\u00dfert. Heute werden neben \u00d6l und Futtermittel noch Glycerin \/ Biodiesel (Marl) und Malzmehle (H\u00fcrth) produziert und vertrieben.<\/p>\n<p>Das Unternehmen ist auf den B2B\u2010Bereich spezialisiert, das bedeutet die Kunden sind \u00fcberwiegend in der weiterverarbeitenden Industrie zu finden. Dort sind es fast ausschlie\u00dflich namhafte Unternehmen, der Lebensmittelbranche, die neben unserem Produkt auch den Service und die Flexibilit\u00e4t eines in der sechsten Generation gef\u00fchrten Familienunternehmens im Mittelstand zu sch\u00e4tzen wissen. Aber auch f\u00fcr den oleochemischen Bereich und im Energiesektor sind wir ein zuverl\u00e4ssiger Partner. Thywissen erreichte 2013 einen Umsatz von 1,5 Mrd. \u20ac und besch\u00e4ftigt derzeit ca. 110 Mitarbeiter.<\/p>\n<hr \/>\n<p><a class=\"\" href=\"https:\/\/ethana.de\/verbundpartner\"><span class=\"screen-reader-text\">Verbundpartner<\/span><i class=\"fa fa-backward\"><\/i> zur\u00fcck zu Verbundpartner<\/a><\/p>\n","protected":false},"excerpt":{"rendered":"<p><img loading=\"lazy\" decoding=\"async\" class=\"alignright size-medium wp-image-175\" src=\"http:\/\/ethana.de\/wp-content\/uploads\/Logo-C.Thywissen-300x75.jpg\" alt=\"Logo C.Thywissen\" width=\"300\" height=\"75\" srcset=\"https:\/\/ethana.de\/wp-content\/uploads\/Logo-C.Thywissen-300x75.jpg 300w, https:\/\/ethana.de\/wp-content\/uploads\/Logo-C.Thywissen.jpg 324w\" sizes=\"(max-width: 300px) 100vw, 300px\" \/>Das Unternehmen Thywissen wurde 1839 in Neuss als \u00d6lm\u00fchle und \u00d6lhandlung gegr\u00fcndet. Noch heute nach 175 Jahren ist dieser Bereich die Kernkompetenz des Unternehmens.<\/p>\n","protected":false},"author":2,"featured_media":0,"parent":42,"menu_order":10,"comment_status":"closed","ping_status":"closed","template":"","meta":{"footnotes":""},"yoast_head":"<!-- This site is optimized with the Yoast SEO plugin v21.5 - https:\/\/yoast.com\/wordpress\/plugins\/seo\/ -->\n<title>C.Thywissen GmbH<\/title>\n<meta name=\"description\" content=\"Das Unternehmen Thywissen wurde 1839 in Neuss als \u00d6lm\u00fchle und \u00d6lhandlung gegr\u00fcndet. Noch heute nach 175 Jahren ist dieser Bereich die Kernkompetenz des Unternehmens.\" \/>\n<meta name=\"robots\" content=\"index, follow, max-snippet:-1, max-image-preview:large, max-video-preview:-1\" \/>\n<link rel=\"canonical\" href=\"https:\/\/ethana.de\/?page_id=109\" \/>\n<meta property=\"og:locale\" content=\"de_DE\" \/>\n<meta property=\"og:type\" content=\"article\" \/>\n<meta property=\"og:title\" content=\"C.Thywissen GmbH\" \/>\n<meta property=\"og:description\" content=\"Das Unternehmen Thywissen wurde 1839 in Neuss als \u00d6lm\u00fchle und \u00d6lhandlung gegr\u00fcndet. Noch heute nach 175 Jahren ist dieser Bereich die Kernkompetenz des Unternehmens.\" \/>\n<meta property=\"og:url\" content=\"https:\/\/ethana.de\/?page_id=109\" \/>\n<meta property=\"og:site_name\" content=\"ethana.de\" \/>\n<meta property=\"article:modified_time\" content=\"2018-06-11T14:48:27+00:00\" \/>\n<meta property=\"og:image\" content=\"http:\/\/ethana.de\/wp-content\/uploads\/Logo-C.Thywissen-300x75.jpg\" \/>\n<meta name=\"twitter:card\" content=\"summary_large_image\" \/>\n<meta name=\"twitter:label1\" content=\"Gesch\u00e4tzte Lesezeit\" \/>\n\t<meta name=\"twitter:data1\" content=\"1\u00a0Minute\" \/>\n<script type=\"application\/ld+json\" class=\"yoast-schema-graph\">{\"@context\":\"https:\/\/schema.org\",\"@graph\":[{\"@type\":\"WebPage\",\"@id\":\"https:\/\/ethana.de\/?page_id=109\",\"url\":\"https:\/\/ethana.de\/?page_id=109\",\"name\":\"C.Thywissen GmbH\",\"isPartOf\":{\"@id\":\"https:\/\/ethana.de\/#website\"},\"datePublished\":\"2018-03-08T15:11:17+00:00\",\"dateModified\":\"2018-06-11T14:48:27+00:00\",\"description\":\"Das Unternehmen Thywissen wurde 1839 in Neuss als \u00d6lm\u00fchle und \u00d6lhandlung gegr\u00fcndet. Noch heute nach 175 Jahren ist dieser Bereich die Kernkompetenz des Unternehmens.\",\"breadcrumb\":{\"@id\":\"https:\/\/ethana.de\/?page_id=109#breadcrumb\"},\"inLanguage\":\"de\",\"potentialAction\":[{\"@type\":\"ReadAction\",\"target\":[\"https:\/\/ethana.de\/?page_id=109\"]}]},{\"@type\":\"BreadcrumbList\",\"@id\":\"https:\/\/ethana.de\/?page_id=109#breadcrumb\",\"itemListElement\":[{\"@type\":\"ListItem\",\"position\":1,\"name\":\"Startseite\",\"item\":\"https:\/\/ethana.de\/\"},{\"@type\":\"ListItem\",\"position\":2,\"name\":\"Verbundpartner\",\"item\":\"https:\/\/ethana.de\/?page_id=42\"},{\"@type\":\"ListItem\",\"position\":3,\"name\":\"C.Thywissen GmbH\"}]},{\"@type\":\"WebSite\",\"@id\":\"https:\/\/ethana.de\/#website\",\"url\":\"https:\/\/ethana.de\/\",\"name\":\"ethana.de\",\"description\":\"neuartiges Konzept zur Aufarbeitung von Raps\",\"potentialAction\":[{\"@type\":\"SearchAction\",\"target\":{\"@type\":\"EntryPoint\",\"urlTemplate\":\"https:\/\/ethana.de\/?s={search_term_string}\"},\"query-input\":\"required name=search_term_string\"}],\"inLanguage\":\"de\"}]}<\/script>\n<!-- \/ Yoast SEO plugin. -->","yoast_head_json":{"title":"C.Thywissen GmbH","description":"Das Unternehmen Thywissen wurde 1839 in Neuss als \u00d6lm\u00fchle und \u00d6lhandlung gegr\u00fcndet. Noch heute nach 175 Jahren ist dieser Bereich die Kernkompetenz des Unternehmens.","robots":{"index":"index","follow":"follow","max-snippet":"max-snippet:-1","max-image-preview":"max-image-preview:large","max-video-preview":"max-video-preview:-1"},"canonical":"https:\/\/ethana.de\/?page_id=109","og_locale":"de_DE","og_type":"article","og_title":"C.Thywissen GmbH","og_description":"Das Unternehmen Thywissen wurde 1839 in Neuss als \u00d6lm\u00fchle und \u00d6lhandlung gegr\u00fcndet. Noch heute nach 175 Jahren ist dieser Bereich die Kernkompetenz des Unternehmens.","og_url":"https:\/\/ethana.de\/?page_id=109","og_site_name":"ethana.de","article_modified_time":"2018-06-11T14:48:27+00:00","og_image":[{"url":"http:\/\/ethana.de\/wp-content\/uploads\/Logo-C.Thywissen-300x75.jpg"}],"twitter_card":"summary_large_image","twitter_misc":{"Gesch\u00e4tzte Lesezeit":"1\u00a0Minute"},"schema":{"@context":"https:\/\/schema.org","@graph":[{"@type":"WebPage","@id":"https:\/\/ethana.de\/?page_id=109","url":"https:\/\/ethana.de\/?page_id=109","name":"C.Thywissen GmbH","isPartOf":{"@id":"https:\/\/ethana.de\/#website"},"datePublished":"2018-03-08T15:11:17+00:00","dateModified":"2018-06-11T14:48:27+00:00","description":"Das Unternehmen Thywissen wurde 1839 in Neuss als \u00d6lm\u00fchle und \u00d6lhandlung gegr\u00fcndet. Noch heute nach 175 Jahren ist dieser Bereich die Kernkompetenz des Unternehmens.","breadcrumb":{"@id":"https:\/\/ethana.de\/?page_id=109#breadcrumb"},"inLanguage":"de","potentialAction":[{"@type":"ReadAction","target":["https:\/\/ethana.de\/?page_id=109"]}]},{"@type":"BreadcrumbList","@id":"https:\/\/ethana.de\/?page_id=109#breadcrumb","itemListElement":[{"@type":"ListItem","position":1,"name":"Startseite","item":"https:\/\/ethana.de\/"},{"@type":"ListItem","position":2,"name":"Verbundpartner","item":"https:\/\/ethana.de\/?page_id=42"},{"@type":"ListItem","position":3,"name":"C.Thywissen GmbH"}]},{"@type":"WebSite","@id":"https:\/\/ethana.de\/#website","url":"https:\/\/ethana.de\/","name":"ethana.de","description":"neuartiges Konzept zur Aufarbeitung von Raps","potentialAction":[{"@type":"SearchAction","target":{"@type":"EntryPoint","urlTemplate":"https:\/\/ethana.de\/?s={search_term_string}"},"query-input":"required name=search_term_string"}],"inLanguage":"de"}]}},"_links":{"self":[{"href":"https:\/\/ethana.de\/index.php?rest_route=\/wp\/v2\/pages\/109"}],"collection":[{"href":"https:\/\/ethana.de\/index.php?rest_route=\/wp\/v2\/pages"}],"about":[{"href":"https:\/\/ethana.de\/index.php?rest_route=\/wp\/v2\/types\/page"}],"author":[{"embeddable":true,"href":"https:\/\/ethana.de\/index.php?rest_route=\/wp\/v2\/users\/2"}],"replies":[{"embeddable":true,"href":"https:\/\/ethana.de\/index.php?rest_route=%2Fwp%2Fv2%2Fcomments&post=109"}],"version-history":[{"count":7,"href":"https:\/\/ethana.de\/index.php?rest_route=\/wp\/v2\/pages\/109\/revisions"}],"predecessor-version":[{"id":654,"href":"https:\/\/ethana.de\/index.php?rest_route=\/wp\/v2\/pages\/109\/revisions\/654"}],"up":[{"embeddable":true,"href":"https:\/\/ethana.de\/index.php?rest_route=\/wp\/v2\/pages\/42"}],"wp:attachment":[{"href":"https:\/\/ethana.de\/index.php?rest_route=%2Fwp%2Fv2%2Fmedia&parent=109"}],"curies":[{"name":"wp","href":"https:\/\/api.w.org\/{rel}","templated":true}]}}