{"id":111,"date":"2018-03-08T16:11:07","date_gmt":"2018-03-08T15:11:07","guid":{"rendered":"http:\/\/ethana.de\/?page_id=111"},"modified":"2019-05-15T10:37:36","modified_gmt":"2019-05-15T08:37:36","slug":"ava-anhaltinische-verfahrens-und-anlagentechnik-gmbh","status":"publish","type":"page","link":"https:\/\/ethana.de\/?page_id=111","title":{"rendered":"AVA- Anhaltinische Verfahrens-und Anlagentechnik GmbH"},"content":{"rendered":"<p><a href=\"http:\/\/www.ava-web.de\" target=\"_blank\" rel=\"noopener noreferrer\"><img loading=\"lazy\" decoding=\"async\" width=\"276\" height=\"114\" class=\"alignnone wp-image-173\" alt=\"AVA GmbH\" src=\"http:\/\/ethana.de\/wp-content\/uploads\/Logo-AVA-.jpg\"><\/a><\/p>\n<hr>\n<p>Die AVA verf\u00fcgt \u00fcber langj\u00e4hrige theoretische und praktische Erfahrungen auf dem Gebiet der Wirbelschicht\u2010 und Trocknungstechnik. Insbesondere werden kommerzielle oder eigens entwickelte 38 Simulationstools angewandt, um Entwicklungszeiten und \u2010kosten durch die auf ein Mindestma\u00df notwendige Reduktion an Versuchen zu verringern. Str\u00f6mungstechnische Untersuchungen werden standardm\u00e4\u00dfig mit Fluent unter Ansys realisiert.<\/p>\n<p>F\u00fcr Wirbelschichtanwendungen wurde durch die AVA die Software FBSim entwickelt, wonach sich das instation\u00e4re Verhalten der Produkteigenschaften bei An\u2010 und Abfahrprozessen sowie Prozessparameter\u00e4nderungen berechnen l\u00e4sst. Die gesamte Wirbelschichtanlage mit ihren peripheren Anlagenteilen l\u00e4sst sich anwenderspezifisch frei zusammenstellen und diverse Modelle den Berechnungen zu Grunde legen. Bei Verwendung dieser Software lassen sich schnell und kosteng\u00fcnstig erforderliche Anlagenparameter f\u00fcr den Betrieb bei gew\u00fcnschten Produkteigenschaften ermitteln oder f\u00fcr den Anlagenbauer Peripherieger\u00e4te auslegen.<\/p>\n<p>F\u00fcr die Saatenweiterverarbeitung spielt die Produktfeuchte eine wichtige Rolle. Von der AVA wurde ein Sensor f\u00fcr die Online\u2010Bestimmung der Produktfeuchte entwickelt, der sich insbesondere f\u00fcr die Anwendung in Wirbelschichten und andere Sch\u00fcttgutanwendungen eignet. Somit kann eine manuelle Produktentnahme und Laboranalyse entfallen, die insbesondere eine wesentlich h\u00f6here Zeit bedarf. Mittelfristig soll dieses Messsignal in die Steuerung und Regelung mit eingebunden werden. Dar\u00fcber hinaus stehen der AVA f\u00fcr praktische Untersuchungen durch Kooperationsvereinbarungen mit der Otto\u2010von\u2010Guericke\u2010Universit\u00e4t Magdeburg eine Vielzahl von Technikumsanlagen f\u00fcr grundlegende Untersuchungen zur Verf\u00fcgung.<\/p>\n<hr>\n<p><a href=\"https:\/\/ethana.de\/verbundpartner\"><span class=\"screen-reader-text\">Verbundpartner<\/span><i class=\"fa fa-backward\"><\/i> zur\u00fcck zu Verbundpartner<\/a><\/p>\n","protected":false},"excerpt":{"rendered":"<p><img loading=\"lazy\" decoding=\"async\" class=\"alignright wp-image-173\" src=\"http:\/\/ethana.de\/wp-content\/uploads\/Logo-AVA-.jpg\" alt=\"AVA GmbH\" width=\"276\" height=\"114\" \/>Die AVA verf\u00fcgt \u00fcber langj\u00e4hrige theoretische und praktische Erfahrungen auf dem Gebiet der Wirbelschicht\u2010 und Trocknungstechnik. <\/p>\n","protected":false},"author":2,"featured_media":0,"parent":42,"menu_order":8,"comment_status":"closed","ping_status":"closed","template":"","meta":{"footnotes":""},"yoast_head":"<!-- This site is optimized with the Yoast SEO plugin v21.5 - https:\/\/yoast.com\/wordpress\/plugins\/seo\/ -->\n<title>AVA- Anhaltinische Verfahrens-und Anlagentechnik GmbH<\/title>\n<meta name=\"description\" content=\"Die AVA verf\u00fcgt \u00fcber langj\u00e4hrige theoretische und praktische Erfahrungen auf dem Gebiet der Wirbelschicht\u2010 und Trocknungstechnik.\" \/>\n<meta name=\"robots\" content=\"index, follow, max-snippet:-1, max-image-preview:large, max-video-preview:-1\" \/>\n<link rel=\"canonical\" href=\"https:\/\/ethana.de\/?page_id=111\" \/>\n<meta property=\"og:locale\" content=\"de_DE\" \/>\n<meta property=\"og:type\" content=\"article\" \/>\n<meta property=\"og:title\" content=\"AVA- Anhaltinische Verfahrens-und Anlagentechnik GmbH\" \/>\n<meta property=\"og:description\" content=\"Die AVA verf\u00fcgt \u00fcber langj\u00e4hrige theoretische und praktische Erfahrungen auf dem Gebiet der Wirbelschicht\u2010 und Trocknungstechnik.\" \/>\n<meta property=\"og:url\" content=\"https:\/\/ethana.de\/?page_id=111\" \/>\n<meta property=\"og:site_name\" content=\"ethana.de\" \/>\n<meta property=\"article:modified_time\" content=\"2019-05-15T08:37:36+00:00\" \/>\n<meta property=\"og:image\" content=\"http:\/\/ethana.de\/wp-content\/uploads\/Logo-AVA-.jpg\" \/>\n<meta name=\"twitter:card\" content=\"summary_large_image\" \/>\n<meta name=\"twitter:label1\" content=\"Gesch\u00e4tzte Lesezeit\" \/>\n\t<meta name=\"twitter:data1\" content=\"1\u00a0Minute\" \/>\n<script type=\"application\/ld+json\" class=\"yoast-schema-graph\">{\"@context\":\"https:\/\/schema.org\",\"@graph\":[{\"@type\":\"WebPage\",\"@id\":\"https:\/\/ethana.de\/?page_id=111\",\"url\":\"https:\/\/ethana.de\/?page_id=111\",\"name\":\"AVA- Anhaltinische Verfahrens-und Anlagentechnik GmbH\",\"isPartOf\":{\"@id\":\"https:\/\/ethana.de\/#website\"},\"datePublished\":\"2018-03-08T15:11:07+00:00\",\"dateModified\":\"2019-05-15T08:37:36+00:00\",\"description\":\"Die AVA verf\u00fcgt \u00fcber langj\u00e4hrige theoretische und praktische Erfahrungen auf dem Gebiet der Wirbelschicht\u2010 und Trocknungstechnik.\",\"breadcrumb\":{\"@id\":\"https:\/\/ethana.de\/?page_id=111#breadcrumb\"},\"inLanguage\":\"de\",\"potentialAction\":[{\"@type\":\"ReadAction\",\"target\":[\"https:\/\/ethana.de\/?page_id=111\"]}]},{\"@type\":\"BreadcrumbList\",\"@id\":\"https:\/\/ethana.de\/?page_id=111#breadcrumb\",\"itemListElement\":[{\"@type\":\"ListItem\",\"position\":1,\"name\":\"Startseite\",\"item\":\"https:\/\/ethana.de\/\"},{\"@type\":\"ListItem\",\"position\":2,\"name\":\"Verbundpartner\",\"item\":\"https:\/\/ethana.de\/?page_id=42\"},{\"@type\":\"ListItem\",\"position\":3,\"name\":\"AVA- Anhaltinische Verfahrens-und Anlagentechnik GmbH\"}]},{\"@type\":\"WebSite\",\"@id\":\"https:\/\/ethana.de\/#website\",\"url\":\"https:\/\/ethana.de\/\",\"name\":\"ethana.de\",\"description\":\"neuartiges Konzept zur Aufarbeitung von Raps\",\"potentialAction\":[{\"@type\":\"SearchAction\",\"target\":{\"@type\":\"EntryPoint\",\"urlTemplate\":\"https:\/\/ethana.de\/?s={search_term_string}\"},\"query-input\":\"required name=search_term_string\"}],\"inLanguage\":\"de\"}]}<\/script>\n<!-- \/ Yoast SEO plugin. -->","yoast_head_json":{"title":"AVA- Anhaltinische Verfahrens-und Anlagentechnik GmbH","description":"Die AVA verf\u00fcgt \u00fcber langj\u00e4hrige theoretische und praktische Erfahrungen auf dem Gebiet der Wirbelschicht\u2010 und Trocknungstechnik.","robots":{"index":"index","follow":"follow","max-snippet":"max-snippet:-1","max-image-preview":"max-image-preview:large","max-video-preview":"max-video-preview:-1"},"canonical":"https:\/\/ethana.de\/?page_id=111","og_locale":"de_DE","og_type":"article","og_title":"AVA- Anhaltinische Verfahrens-und Anlagentechnik GmbH","og_description":"Die AVA verf\u00fcgt \u00fcber langj\u00e4hrige theoretische und praktische Erfahrungen auf dem Gebiet der Wirbelschicht\u2010 und Trocknungstechnik.","og_url":"https:\/\/ethana.de\/?page_id=111","og_site_name":"ethana.de","article_modified_time":"2019-05-15T08:37:36+00:00","og_image":[{"url":"http:\/\/ethana.de\/wp-content\/uploads\/Logo-AVA-.jpg"}],"twitter_card":"summary_large_image","twitter_misc":{"Gesch\u00e4tzte Lesezeit":"1\u00a0Minute"},"schema":{"@context":"https:\/\/schema.org","@graph":[{"@type":"WebPage","@id":"https:\/\/ethana.de\/?page_id=111","url":"https:\/\/ethana.de\/?page_id=111","name":"AVA- Anhaltinische Verfahrens-und Anlagentechnik GmbH","isPartOf":{"@id":"https:\/\/ethana.de\/#website"},"datePublished":"2018-03-08T15:11:07+00:00","dateModified":"2019-05-15T08:37:36+00:00","description":"Die AVA verf\u00fcgt \u00fcber langj\u00e4hrige theoretische und praktische Erfahrungen auf dem Gebiet der Wirbelschicht\u2010 und Trocknungstechnik.","breadcrumb":{"@id":"https:\/\/ethana.de\/?page_id=111#breadcrumb"},"inLanguage":"de","potentialAction":[{"@type":"ReadAction","target":["https:\/\/ethana.de\/?page_id=111"]}]},{"@type":"BreadcrumbList","@id":"https:\/\/ethana.de\/?page_id=111#breadcrumb","itemListElement":[{"@type":"ListItem","position":1,"name":"Startseite","item":"https:\/\/ethana.de\/"},{"@type":"ListItem","position":2,"name":"Verbundpartner","item":"https:\/\/ethana.de\/?page_id=42"},{"@type":"ListItem","position":3,"name":"AVA- Anhaltinische Verfahrens-und Anlagentechnik GmbH"}]},{"@type":"WebSite","@id":"https:\/\/ethana.de\/#website","url":"https:\/\/ethana.de\/","name":"ethana.de","description":"neuartiges Konzept zur Aufarbeitung von Raps","potentialAction":[{"@type":"SearchAction","target":{"@type":"EntryPoint","urlTemplate":"https:\/\/ethana.de\/?s={search_term_string}"},"query-input":"required name=search_term_string"}],"inLanguage":"de"}]}},"_links":{"self":[{"href":"https:\/\/ethana.de\/index.php?rest_route=\/wp\/v2\/pages\/111"}],"collection":[{"href":"https:\/\/ethana.de\/index.php?rest_route=\/wp\/v2\/pages"}],"about":[{"href":"https:\/\/ethana.de\/index.php?rest_route=\/wp\/v2\/types\/page"}],"author":[{"embeddable":true,"href":"https:\/\/ethana.de\/index.php?rest_route=\/wp\/v2\/users\/2"}],"replies":[{"embeddable":true,"href":"https:\/\/ethana.de\/index.php?rest_route=%2Fwp%2Fv2%2Fcomments&post=111"}],"version-history":[{"count":13,"href":"https:\/\/ethana.de\/index.php?rest_route=\/wp\/v2\/pages\/111\/revisions"}],"predecessor-version":[{"id":897,"href":"https:\/\/ethana.de\/index.php?rest_route=\/wp\/v2\/pages\/111\/revisions\/897"}],"up":[{"embeddable":true,"href":"https:\/\/ethana.de\/index.php?rest_route=\/wp\/v2\/pages\/42"}],"wp:attachment":[{"href":"https:\/\/ethana.de\/index.php?rest_route=%2Fwp%2Fv2%2Fmedia&parent=111"}],"curies":[{"name":"wp","href":"https:\/\/api.w.org\/{rel}","templated":true}]}}