{"id":113,"date":"2018-03-08T16:11:21","date_gmt":"2018-03-08T15:11:21","guid":{"rendered":"http:\/\/ethana.de\/?page_id=113"},"modified":"2018-06-11T16:49:26","modified_gmt":"2018-06-11T14:49:26","slug":"miccra-gmbh","status":"publish","type":"page","link":"https:\/\/ethana.de\/?page_id=113","title":{"rendered":"Miccra GmbH"},"content":{"rendered":"<p><a href=\"http:\/\/www.miccra.com\/\" target=\"_blank\" rel=\"noopener\"><img loading=\"lazy\" decoding=\"async\" class=\"alignnone wp-image-191\" src=\"http:\/\/ethana.de\/wp-content\/uploads\/Logo-Miccra-.jpg\" alt=\"Logo Miccra GmbH\" width=\"197\" height=\"142\" \/><\/a><\/p>\n<hr \/>\n<p>Das Unternehmen wurde 1994 als ART\u2010moderne Labortechnik GbR gegr\u00fcndet. Der Fokus lag von Beginn an auf die Weiterentwicklung, die Fertigung und den Vertrieb des Rotor\/Stator Prinzips f\u00fcr die Hochleistungsdispergierung. Bereits unmittelbar nach der Gr\u00fcndung des Unternehmens konnten hier erste eigene Systeme und Produkte auf verschiedenen internationalen Messen, wie z. B. auf der ANALYTIKA in M\u00fcnchen, der ILMAC in Basel und der ACHEMA in Frankfurt, pr\u00e4sentiert werden. Im Dezember 1997 bewilligte die AiF im Programm Forschungskooperation die Entwicklung eines neuartigen Labor\u2010Dispergiersystems mit besonders hohen Drehzahlen. Nach erfolgreichem Abschluss wurde im November 1999 ein zweites Forschungskooperationsvorhaben zur Entwicklung eines Mikro\u2010 Dispergiersystems von der AiF gef\u00f6rdert. Das nach erfolgreichem Abschluss entwickelte Dispergiersystem wurde 2008 im Rahmen des \u201eAiF\u2010Innovationstags\u201c in Berlin ausgestellt. Mit seinen Produkten konnte sich das Unternehmen auf dem europ\u00e4ischen und asiatischen Markt behaupten. Neben den Aktivit\u00e4ten im Forschungs\u2010 und Entwicklungsbereich wurden die marktreifen Produkte durch st\u00e4ndige Verbesserungen aus dem Praxisumfeld optimiert. Einfaches Handling und leistungsstarke Antriebe sind dabei die herausragenden Produkteigenschaften.<\/p>\n<p>Zu Beginn des Jahres 2009 erfolgte der Einstieg in das Up\u2010Scaling der erfolgreichen Laborserie. In der Folgezeit wurden Technikums\u2010 und Produktionsanlagen f\u00fcr Chemie, Pharmazie, Lebensmittel und Biogas konzipiert und umgesetzt.<br \/>\nDie Dispergierer und Homogenisierer der Produktserie MICCRA zeichnen sich durch leistungsstarke Antriebe mit einmalig hohen Drehzahlen (bis zu 39.000 min.\u20101) und die speziell darauf abgestimmten Werkzeuge aus. Durch die innovative Technologie dieser Systeme kann der Arbeitsgang des Dispergierens\/Homogenisierens erheblich verk\u00fcrzt werden. Dabei werden feinste Zerkleinerungen erreicht, ohne die meist empfindlichen Proben zu zerst\u00f6ren. Es k\u00f6nnen hiermit je nach Ausf\u00fchrung Probenvolumen zwischen 0,1 ml und 50 Liter verarbeitet werden. Es wurden bereits verschiedene eigene Entwicklungsvorhaben durchgef\u00fchrt und deren Ergebnisse erfolgreich am Markt platziert. Mitte 2011 konnte ein weiteres gef\u00f6rdertes Entwicklungsvorhaben erfolgreich abgeschlossen werden. Ziel dieses Vorhabens war die Entwicklung von skalierbaren Rotor\u2010\/Stator\u2010Systemen zur Erzielung von Homogenisationsgraden im Nanometerbereich. Mit diesem System ist es Miccra erstmals gelungen, ein System zu entwickeln, mit dem Proben bis in den Nanometerbereich zerkleinert werden k\u00f6nnen. Die Partikelgr\u00f6\u00dfenverteilung ist zwar etwas gestreut, so dass in der homogenisierten Probe auch gr\u00f6\u00dfere Partikel im Mikrometerbereich auftreten k\u00f6nnen. Mit k\u00fcnftigen Entwicklungen werden jedoch diese Systeme sich neue Anwendungsbereiche erschlie\u00dfen, allen voran ist hier der Bereich der Pharmazie zu nennen.<\/p>\n<p>Aus der ART Prozess\u2010 und Labortechnik GmbH &amp; Co. KG entstand im Juni 2015 die Miccra GmbH. Mit neuem Businesskonzept werden die erfolgreichen innovativen Ans\u00e4tze in der technischen Entwicklung f\u00fcr die Prozesstechnik zur Marktreife gebracht und anhand von Vorf\u00fchrsystemen sowie Referenzanlagen bei gleichzeitigem Aufbau einer leistungsf\u00e4higen Projektmanagement\u2010 und Vertriebsstruktur expansiv vertrieben.<\/p>\n<hr \/>\n<p><a class=\"\" href=\"https:\/\/ethana.de\/verbundpartner\"><span class=\"screen-reader-text\">Verbundpartner<\/span><i class=\"fa fa-backward\"><\/i> zur\u00fcck zu Verbundpartner<\/a><\/p>\n","protected":false},"excerpt":{"rendered":"<p><img loading=\"lazy\" decoding=\"async\" class=\"alignleft wp-image-191\" src=\"http:\/\/ethana.de\/wp-content\/uploads\/Logo-Miccra-.jpg\" alt=\"Logo Miccra GmbH\" width=\"197\" height=\"142\" \/>Das Unternehmen wurde 1994 als ART\u2010moderne Labortechnik GbR gegr\u00fcndet. Der Fokus lag von Beginn an auf die Weiterentwicklung, die Fertigung und den Vertrieb des Rotor\/Stator Prinzips f\u00fcr die Hochleistungsdispergierung.<\/p>\n","protected":false},"author":2,"featured_media":0,"parent":42,"menu_order":11,"comment_status":"closed","ping_status":"closed","template":"","meta":{"footnotes":""},"yoast_head":"<!-- This site is optimized with the Yoast SEO plugin v21.5 - https:\/\/yoast.com\/wordpress\/plugins\/seo\/ -->\n<title>Miccra GmbH<\/title>\n<meta name=\"description\" content=\"Das Unternehmen wurde 1994 als ART\u2010moderne Labortechnik GbR gegr\u00fcndet. Der Fokus lag von Beginn an auf die Weiterentwicklung, die Fertigung und den Vertrieb des Rotor\/Stator Prinzips f\u00fcr die Hochleistungsdispergierung.\" \/>\n<meta name=\"robots\" content=\"index, follow, max-snippet:-1, max-image-preview:large, max-video-preview:-1\" \/>\n<link rel=\"canonical\" href=\"https:\/\/ethana.de\/?page_id=113\" \/>\n<meta property=\"og:locale\" content=\"de_DE\" \/>\n<meta property=\"og:type\" content=\"article\" \/>\n<meta property=\"og:title\" content=\"Miccra GmbH\" \/>\n<meta property=\"og:description\" content=\"Das Unternehmen wurde 1994 als ART\u2010moderne Labortechnik GbR gegr\u00fcndet. Der Fokus lag von Beginn an auf die Weiterentwicklung, die Fertigung und den Vertrieb des Rotor\/Stator Prinzips f\u00fcr die Hochleistungsdispergierung.\" \/>\n<meta property=\"og:url\" content=\"https:\/\/ethana.de\/?page_id=113\" \/>\n<meta property=\"og:site_name\" content=\"ethana.de\" \/>\n<meta property=\"article:modified_time\" content=\"2018-06-11T14:49:26+00:00\" \/>\n<meta property=\"og:image\" content=\"http:\/\/ethana.de\/wp-content\/uploads\/Logo-Miccra-.jpg\" \/>\n<meta name=\"twitter:card\" content=\"summary_large_image\" \/>\n<meta name=\"twitter:label1\" content=\"Gesch\u00e4tzte Lesezeit\" \/>\n\t<meta name=\"twitter:data1\" content=\"2\u00a0Minuten\" \/>\n<script type=\"application\/ld+json\" class=\"yoast-schema-graph\">{\"@context\":\"https:\/\/schema.org\",\"@graph\":[{\"@type\":\"WebPage\",\"@id\":\"https:\/\/ethana.de\/?page_id=113\",\"url\":\"https:\/\/ethana.de\/?page_id=113\",\"name\":\"Miccra GmbH\",\"isPartOf\":{\"@id\":\"https:\/\/ethana.de\/#website\"},\"datePublished\":\"2018-03-08T15:11:21+00:00\",\"dateModified\":\"2018-06-11T14:49:26+00:00\",\"description\":\"Das Unternehmen wurde 1994 als ART\u2010moderne Labortechnik GbR gegr\u00fcndet. Der Fokus lag von Beginn an auf die Weiterentwicklung, die Fertigung und den Vertrieb des Rotor\/Stator Prinzips f\u00fcr die Hochleistungsdispergierung.\",\"breadcrumb\":{\"@id\":\"https:\/\/ethana.de\/?page_id=113#breadcrumb\"},\"inLanguage\":\"de\",\"potentialAction\":[{\"@type\":\"ReadAction\",\"target\":[\"https:\/\/ethana.de\/?page_id=113\"]}]},{\"@type\":\"BreadcrumbList\",\"@id\":\"https:\/\/ethana.de\/?page_id=113#breadcrumb\",\"itemListElement\":[{\"@type\":\"ListItem\",\"position\":1,\"name\":\"Startseite\",\"item\":\"https:\/\/ethana.de\/\"},{\"@type\":\"ListItem\",\"position\":2,\"name\":\"Verbundpartner\",\"item\":\"https:\/\/ethana.de\/?page_id=42\"},{\"@type\":\"ListItem\",\"position\":3,\"name\":\"Miccra GmbH\"}]},{\"@type\":\"WebSite\",\"@id\":\"https:\/\/ethana.de\/#website\",\"url\":\"https:\/\/ethana.de\/\",\"name\":\"ethana.de\",\"description\":\"neuartiges Konzept zur Aufarbeitung von Raps\",\"potentialAction\":[{\"@type\":\"SearchAction\",\"target\":{\"@type\":\"EntryPoint\",\"urlTemplate\":\"https:\/\/ethana.de\/?s={search_term_string}\"},\"query-input\":\"required name=search_term_string\"}],\"inLanguage\":\"de\"}]}<\/script>\n<!-- \/ Yoast SEO plugin. -->","yoast_head_json":{"title":"Miccra GmbH","description":"Das Unternehmen wurde 1994 als ART\u2010moderne Labortechnik GbR gegr\u00fcndet. Der Fokus lag von Beginn an auf die Weiterentwicklung, die Fertigung und den Vertrieb des Rotor\/Stator Prinzips f\u00fcr die Hochleistungsdispergierung.","robots":{"index":"index","follow":"follow","max-snippet":"max-snippet:-1","max-image-preview":"max-image-preview:large","max-video-preview":"max-video-preview:-1"},"canonical":"https:\/\/ethana.de\/?page_id=113","og_locale":"de_DE","og_type":"article","og_title":"Miccra GmbH","og_description":"Das Unternehmen wurde 1994 als ART\u2010moderne Labortechnik GbR gegr\u00fcndet. Der Fokus lag von Beginn an auf die Weiterentwicklung, die Fertigung und den Vertrieb des Rotor\/Stator Prinzips f\u00fcr die Hochleistungsdispergierung.","og_url":"https:\/\/ethana.de\/?page_id=113","og_site_name":"ethana.de","article_modified_time":"2018-06-11T14:49:26+00:00","og_image":[{"url":"http:\/\/ethana.de\/wp-content\/uploads\/Logo-Miccra-.jpg"}],"twitter_card":"summary_large_image","twitter_misc":{"Gesch\u00e4tzte Lesezeit":"2\u00a0Minuten"},"schema":{"@context":"https:\/\/schema.org","@graph":[{"@type":"WebPage","@id":"https:\/\/ethana.de\/?page_id=113","url":"https:\/\/ethana.de\/?page_id=113","name":"Miccra GmbH","isPartOf":{"@id":"https:\/\/ethana.de\/#website"},"datePublished":"2018-03-08T15:11:21+00:00","dateModified":"2018-06-11T14:49:26+00:00","description":"Das Unternehmen wurde 1994 als ART\u2010moderne Labortechnik GbR gegr\u00fcndet. Der Fokus lag von Beginn an auf die Weiterentwicklung, die Fertigung und den Vertrieb des Rotor\/Stator Prinzips f\u00fcr die Hochleistungsdispergierung.","breadcrumb":{"@id":"https:\/\/ethana.de\/?page_id=113#breadcrumb"},"inLanguage":"de","potentialAction":[{"@type":"ReadAction","target":["https:\/\/ethana.de\/?page_id=113"]}]},{"@type":"BreadcrumbList","@id":"https:\/\/ethana.de\/?page_id=113#breadcrumb","itemListElement":[{"@type":"ListItem","position":1,"name":"Startseite","item":"https:\/\/ethana.de\/"},{"@type":"ListItem","position":2,"name":"Verbundpartner","item":"https:\/\/ethana.de\/?page_id=42"},{"@type":"ListItem","position":3,"name":"Miccra GmbH"}]},{"@type":"WebSite","@id":"https:\/\/ethana.de\/#website","url":"https:\/\/ethana.de\/","name":"ethana.de","description":"neuartiges Konzept zur Aufarbeitung von Raps","potentialAction":[{"@type":"SearchAction","target":{"@type":"EntryPoint","urlTemplate":"https:\/\/ethana.de\/?s={search_term_string}"},"query-input":"required name=search_term_string"}],"inLanguage":"de"}]}},"_links":{"self":[{"href":"https:\/\/ethana.de\/index.php?rest_route=\/wp\/v2\/pages\/113"}],"collection":[{"href":"https:\/\/ethana.de\/index.php?rest_route=\/wp\/v2\/pages"}],"about":[{"href":"https:\/\/ethana.de\/index.php?rest_route=\/wp\/v2\/types\/page"}],"author":[{"embeddable":true,"href":"https:\/\/ethana.de\/index.php?rest_route=\/wp\/v2\/users\/2"}],"replies":[{"embeddable":true,"href":"https:\/\/ethana.de\/index.php?rest_route=%2Fwp%2Fv2%2Fcomments&post=113"}],"version-history":[{"count":8,"href":"https:\/\/ethana.de\/index.php?rest_route=\/wp\/v2\/pages\/113\/revisions"}],"predecessor-version":[{"id":656,"href":"https:\/\/ethana.de\/index.php?rest_route=\/wp\/v2\/pages\/113\/revisions\/656"}],"up":[{"embeddable":true,"href":"https:\/\/ethana.de\/index.php?rest_route=\/wp\/v2\/pages\/42"}],"wp:attachment":[{"href":"https:\/\/ethana.de\/index.php?rest_route=%2Fwp%2Fv2%2Fmedia&parent=113"}],"curies":[{"name":"wp","href":"https:\/\/api.w.org\/{rel}","templated":true}]}}