{"id":117,"date":"2018-03-08T16:11:59","date_gmt":"2018-03-08T15:11:59","guid":{"rendered":"http:\/\/ethana.de\/?page_id=117"},"modified":"2018-06-11T16:41:05","modified_gmt":"2018-06-11T14:41:05","slug":"__trashed-8","status":"publish","type":"page","link":"https:\/\/ethana.de\/?page_id=117","title":{"rendered":"tti Technologietranfer- und Innovationsf\u00f6rderung Magdeburg GmbH"},"content":{"rendered":"<p><a href=\"http:\/\/www.tti-md.de\/\" target=\"_blank\" rel=\"noopener\"><img loading=\"lazy\" decoding=\"async\" class=\"alignnone size-full wp-image-179\" src=\"http:\/\/ethana.de\/wp-content\/uploads\/Logo-tti.jpg\" alt=\"Logo tti \" width=\"137\" height=\"126\" \/><\/a><\/p>\n<hr \/>\n<p>Die tti Technologietransfer\u2010 und Innovationsf\u00f6rderung Magdeburg GmbH (tti Magdeburg GmbH) ist auf Initiative der Landesregierung mit Unterst\u00fctzung des BMWi 1992 durch die Industrie\u2010 und Handelskammer (IHK) Magdeburg gegr\u00fcndet worden. Auf Beschluss der Vollversammlung wurde, im Ergebnis der nachgewiesenen Leistungen der tti Magdeburg GmbH die Aufgabe der Innovationsberatung der IHK Magdeburg \u00fcbertragen. Gesellschafter sind die IHK Magdeburg mit 74% Anteil und die RKW Sachsen\u2010Anhalt GmbH mit 26% Anteil.<\/p>\n<p>Der Gesellschaftszweck ist die F\u00f6rderung der wirtschaftlichen Entwicklung im Regierungsbezirk Magdeburg, der territorial identisch mit dem IHK\u2010Kammerbezirk ist und im Rahmen von europ\u00e4ischen Projekten die F\u00f6rderung von Innovation und Technologietransfer im Land Sachsen\u2010Anhalt. In der tti Magdeburg GmbH sind 17 Mitarbeiter besch\u00e4ftigt, welche seit Jahren im Projektmanagement bei internationalen, nationalen und regionalen Projekten t\u00e4tig sind.<br \/>\nDie tti Magdeburg GmbH ist Partner im Enterprise Europe Network. Fast alle Projekte der Unternehmen mit innovativem und transnationalem Anspruch, die in Sachsen\u2010Anhalt entwickelt werden, werden vom EEN unterst\u00fctzt. Dar\u00fcber hinaus wird das bestehende und gut arbeitende Netzwerk f\u00fcr diverse Wirtschaftsaktivit\u00e4ten u.a. in enger Kooperation mit den Landesministerien f\u00fcr Landwirtschaft und Umwelt sowie f\u00fcr Wissenschaft und Wirtschaft genutzt. Es gibt umfassendes Know\u2010how zu allen europ\u00e4ischen F\u00f6rderprogrammen, die auch in den vergangenen Jahren erfolgreich eingeworben werden konnten.<\/p>\n<p>Als private Firma f\u00fcr regionale Entwicklung von Innovationen hat die tti Magdeburg GmbH ausgezeichnete Kontakte zu den Investoren wie Risikokapitalgebern einerseits und zu den Existenzgr\u00fcndern auf der<br \/>\nanderen Seite. Die tti Magdeburg GmbH besch\u00e4ftigt Ingenieure und Absolventen mit einem technischen und wissenschaftlichen Hintergrund. Die Kernkompetenz liegt auf dem Gebiet der ganzheitlichen Projektentwicklung, des Projektmanagements von Entwicklungs\u2010, Technologie\u2010 und Verfahrensprojekten von Unternehmen sowie der Begleitung von Ansiedlungen und technologieorientierten Existenzgr\u00fcndungen. Dazu wurde ein internationales Netzwerk, bestehend aus Forschungseinrichtungen, Unternehmen, Kapitalgebern und Partnern aus Kammern, Verb\u00e4nden, Politik und Verwaltung aufgebaut.<\/p>\n<hr \/>\n<p><a class=\"\" href=\"https:\/\/ethana.de\/verbundpartner\"><span class=\"screen-reader-text\">Verbundpartner<\/span><i class=\"fa fa-backward\"><\/i> zur\u00fcck zu Verbundpartner<\/a><\/p>\n","protected":false},"excerpt":{"rendered":"<p><img loading=\"lazy\" decoding=\"async\" class=\"alignright size-full wp-image-179\" src=\"http:\/\/ethana.de\/wp-content\/uploads\/Logo-tti.jpg\" alt=\"Logo tti \" width=\"137\" height=\"126\" \/>Die tti Technologietransfer\u2010 und Innovationsf\u00f6rderung Magdeburg GmbH (tti Magdeburg GmbH) ist auf Initiative der Landesregierung mit Unterst\u00fctzung des BMWi 1992 durch die Industrie\u2010 und Handelskammer (IHK) Magdeburg gegr\u00fcndet worden. <\/p>\n","protected":false},"author":2,"featured_media":0,"parent":42,"menu_order":6,"comment_status":"closed","ping_status":"closed","template":"","meta":{"footnotes":""},"yoast_head":"<!-- This site is optimized with the Yoast SEO plugin v21.5 - https:\/\/yoast.com\/wordpress\/plugins\/seo\/ -->\n<title>tti Technologietranfer- und Innovationsf\u00f6rderung Magdeburg GmbH<\/title>\n<meta name=\"description\" content=\"Die tti Technologietransfer\u2010 und Innovationsf\u00f6rderung Magdeburg GmbH (tti Magdeburg GmbH) ist auf Initiative der Landesregierung mit Unterst\u00fctzung des BMWi 1992 durch die Industrie\u2010 und Handelskammer (IHK) Magdeburg gegr\u00fcndet worden.\" \/>\n<meta name=\"robots\" content=\"index, follow, max-snippet:-1, max-image-preview:large, max-video-preview:-1\" \/>\n<link rel=\"canonical\" href=\"https:\/\/ethana.de\/?page_id=117\" \/>\n<meta property=\"og:locale\" content=\"de_DE\" \/>\n<meta property=\"og:type\" content=\"article\" \/>\n<meta property=\"og:title\" content=\"tti Technologietranfer- und Innovationsf\u00f6rderung Magdeburg GmbH\" \/>\n<meta property=\"og:description\" content=\"Die tti Technologietransfer\u2010 und Innovationsf\u00f6rderung Magdeburg GmbH (tti Magdeburg GmbH) ist auf Initiative der Landesregierung mit Unterst\u00fctzung des BMWi 1992 durch die Industrie\u2010 und Handelskammer (IHK) Magdeburg gegr\u00fcndet worden.\" \/>\n<meta property=\"og:url\" content=\"https:\/\/ethana.de\/?page_id=117\" \/>\n<meta property=\"og:site_name\" content=\"ethana.de\" \/>\n<meta property=\"article:modified_time\" content=\"2018-06-11T14:41:05+00:00\" \/>\n<meta property=\"og:image\" content=\"http:\/\/ethana.de\/wp-content\/uploads\/Logo-tti.jpg\" \/>\n<meta name=\"twitter:card\" content=\"summary_large_image\" \/>\n<meta name=\"twitter:label1\" content=\"Gesch\u00e4tzte Lesezeit\" \/>\n\t<meta name=\"twitter:data1\" content=\"2\u00a0Minuten\" \/>\n<script type=\"application\/ld+json\" class=\"yoast-schema-graph\">{\"@context\":\"https:\/\/schema.org\",\"@graph\":[{\"@type\":\"WebPage\",\"@id\":\"https:\/\/ethana.de\/?page_id=117\",\"url\":\"https:\/\/ethana.de\/?page_id=117\",\"name\":\"tti Technologietranfer- und Innovationsf\u00f6rderung Magdeburg GmbH\",\"isPartOf\":{\"@id\":\"https:\/\/ethana.de\/#website\"},\"datePublished\":\"2018-03-08T15:11:59+00:00\",\"dateModified\":\"2018-06-11T14:41:05+00:00\",\"description\":\"Die tti Technologietransfer\u2010 und Innovationsf\u00f6rderung Magdeburg GmbH (tti Magdeburg GmbH) ist auf Initiative der Landesregierung mit Unterst\u00fctzung des BMWi 1992 durch die Industrie\u2010 und Handelskammer (IHK) Magdeburg gegr\u00fcndet worden.\",\"breadcrumb\":{\"@id\":\"https:\/\/ethana.de\/?page_id=117#breadcrumb\"},\"inLanguage\":\"de\",\"potentialAction\":[{\"@type\":\"ReadAction\",\"target\":[\"https:\/\/ethana.de\/?page_id=117\"]}]},{\"@type\":\"BreadcrumbList\",\"@id\":\"https:\/\/ethana.de\/?page_id=117#breadcrumb\",\"itemListElement\":[{\"@type\":\"ListItem\",\"position\":1,\"name\":\"Startseite\",\"item\":\"https:\/\/ethana.de\/\"},{\"@type\":\"ListItem\",\"position\":2,\"name\":\"Verbundpartner\",\"item\":\"https:\/\/ethana.de\/?page_id=42\"},{\"@type\":\"ListItem\",\"position\":3,\"name\":\"tti Technologietranfer- und Innovationsf\u00f6rderung Magdeburg GmbH\"}]},{\"@type\":\"WebSite\",\"@id\":\"https:\/\/ethana.de\/#website\",\"url\":\"https:\/\/ethana.de\/\",\"name\":\"ethana.de\",\"description\":\"neuartiges Konzept zur Aufarbeitung von Raps\",\"potentialAction\":[{\"@type\":\"SearchAction\",\"target\":{\"@type\":\"EntryPoint\",\"urlTemplate\":\"https:\/\/ethana.de\/?s={search_term_string}\"},\"query-input\":\"required name=search_term_string\"}],\"inLanguage\":\"de\"}]}<\/script>\n<!-- \/ Yoast SEO plugin. -->","yoast_head_json":{"title":"tti Technologietranfer- und Innovationsf\u00f6rderung Magdeburg GmbH","description":"Die tti Technologietransfer\u2010 und Innovationsf\u00f6rderung Magdeburg GmbH (tti Magdeburg GmbH) ist auf Initiative der Landesregierung mit Unterst\u00fctzung des BMWi 1992 durch die Industrie\u2010 und Handelskammer (IHK) Magdeburg gegr\u00fcndet worden.","robots":{"index":"index","follow":"follow","max-snippet":"max-snippet:-1","max-image-preview":"max-image-preview:large","max-video-preview":"max-video-preview:-1"},"canonical":"https:\/\/ethana.de\/?page_id=117","og_locale":"de_DE","og_type":"article","og_title":"tti Technologietranfer- und Innovationsf\u00f6rderung Magdeburg GmbH","og_description":"Die tti Technologietransfer\u2010 und Innovationsf\u00f6rderung Magdeburg GmbH (tti Magdeburg GmbH) ist auf Initiative der Landesregierung mit Unterst\u00fctzung des BMWi 1992 durch die Industrie\u2010 und Handelskammer (IHK) Magdeburg gegr\u00fcndet worden.","og_url":"https:\/\/ethana.de\/?page_id=117","og_site_name":"ethana.de","article_modified_time":"2018-06-11T14:41:05+00:00","og_image":[{"url":"http:\/\/ethana.de\/wp-content\/uploads\/Logo-tti.jpg"}],"twitter_card":"summary_large_image","twitter_misc":{"Gesch\u00e4tzte Lesezeit":"2\u00a0Minuten"},"schema":{"@context":"https:\/\/schema.org","@graph":[{"@type":"WebPage","@id":"https:\/\/ethana.de\/?page_id=117","url":"https:\/\/ethana.de\/?page_id=117","name":"tti Technologietranfer- und Innovationsf\u00f6rderung Magdeburg GmbH","isPartOf":{"@id":"https:\/\/ethana.de\/#website"},"datePublished":"2018-03-08T15:11:59+00:00","dateModified":"2018-06-11T14:41:05+00:00","description":"Die tti Technologietransfer\u2010 und Innovationsf\u00f6rderung Magdeburg GmbH (tti Magdeburg GmbH) ist auf Initiative der Landesregierung mit Unterst\u00fctzung des BMWi 1992 durch die Industrie\u2010 und Handelskammer (IHK) Magdeburg gegr\u00fcndet worden.","breadcrumb":{"@id":"https:\/\/ethana.de\/?page_id=117#breadcrumb"},"inLanguage":"de","potentialAction":[{"@type":"ReadAction","target":["https:\/\/ethana.de\/?page_id=117"]}]},{"@type":"BreadcrumbList","@id":"https:\/\/ethana.de\/?page_id=117#breadcrumb","itemListElement":[{"@type":"ListItem","position":1,"name":"Startseite","item":"https:\/\/ethana.de\/"},{"@type":"ListItem","position":2,"name":"Verbundpartner","item":"https:\/\/ethana.de\/?page_id=42"},{"@type":"ListItem","position":3,"name":"tti Technologietranfer- und Innovationsf\u00f6rderung Magdeburg GmbH"}]},{"@type":"WebSite","@id":"https:\/\/ethana.de\/#website","url":"https:\/\/ethana.de\/","name":"ethana.de","description":"neuartiges Konzept zur Aufarbeitung von Raps","potentialAction":[{"@type":"SearchAction","target":{"@type":"EntryPoint","urlTemplate":"https:\/\/ethana.de\/?s={search_term_string}"},"query-input":"required name=search_term_string"}],"inLanguage":"de"}]}},"_links":{"self":[{"href":"https:\/\/ethana.de\/index.php?rest_route=\/wp\/v2\/pages\/117"}],"collection":[{"href":"https:\/\/ethana.de\/index.php?rest_route=\/wp\/v2\/pages"}],"about":[{"href":"https:\/\/ethana.de\/index.php?rest_route=\/wp\/v2\/types\/page"}],"author":[{"embeddable":true,"href":"https:\/\/ethana.de\/index.php?rest_route=\/wp\/v2\/users\/2"}],"replies":[{"embeddable":true,"href":"https:\/\/ethana.de\/index.php?rest_route=%2Fwp%2Fv2%2Fcomments&post=117"}],"version-history":[{"count":8,"href":"https:\/\/ethana.de\/index.php?rest_route=\/wp\/v2\/pages\/117\/revisions"}],"predecessor-version":[{"id":645,"href":"https:\/\/ethana.de\/index.php?rest_route=\/wp\/v2\/pages\/117\/revisions\/645"}],"up":[{"embeddable":true,"href":"https:\/\/ethana.de\/index.php?rest_route=\/wp\/v2\/pages\/42"}],"wp:attachment":[{"href":"https:\/\/ethana.de\/index.php?rest_route=%2Fwp%2Fv2%2Fmedia&parent=117"}],"curies":[{"name":"wp","href":"https:\/\/api.w.org\/{rel}","templated":true}]}}