{"id":40,"date":"2018-03-07T16:11:36","date_gmt":"2018-03-07T15:11:36","guid":{"rendered":"http:\/\/ethana.de\/?page_id=40"},"modified":"2021-07-13T09:23:02","modified_gmt":"2021-07-13T07:23:02","slug":"projektvorstellung","status":"publish","type":"page","link":"https:\/\/ethana.de\/?page_id=40","title":{"rendered":"Projektvorstellung"},"content":{"rendered":"<div class=\"fhg-content-article fhg-grid\">\n<article>\n<div class=\"row\">\n<div class=\" fhg-grid-item fhg-grid-2-1\">\n<h2>Forschung an einem innovativen Verfahren zur effizienten Gewinnung neuer hochwertiger Produkte aus Raps<\/h2>\n<p>11 Partner entwickeln im Forschungsprojekt \u201aEthaNa\u2018 neues Extraktionsverfahren f\u00fcr Raps mit Alkohol im Pilotma\u00dfstab.<\/p>\n<p>Im Verbundvorhaben \u201eEthaNa\u201c erforschen Wissenschaftler des Fraunhofer-Zentrums f\u00fcr Chemisch-Biotechnologische Prozesse (CBP) und der Firma B+B Engineering GmbH, gemeinsam mit neun weiterern Partnern, ein neuartiges Konzept zur Aufbereitung von Raps. Sie entwickeln die Verfahrensprozesse und testen sie anschlie\u00dfend in einer Pilotanlage. EthaNa steht f\u00fcr ethanolische milde Extraktion gesch\u00e4lter Rapssaat, auf der das Verfahrenskonzept basiert. Die alternative Aufbereitungslinie soll in herk\u00f6mmliche \u00d6lm\u00fchlen integrierbar sein. In dem bis Anfang 2022 laufenden Vorhaben wollen die Forscher die technischen, wirtschaftlichen und \u00f6kologischen Parameter im Pilotma\u00dfstab bewerten.<\/p>\n<p>Im Vergleich zu den bisher \u00fcblichen Extraktionsverfahren mit dem L\u00f6sungsmittel Hexan sollen die EthaNa-Verarbeitungsprozesse eine deutliche qualitative Verbesserung der Produkte Raps\u00f6l und Rapskernkonzentrat erm\u00f6glichen. Hinzu kommt die Isolierung neuer, bislang nicht aus Raps produzierter Wertstoffe. Damit lassen sich k\u00fcnftig weitere Absatzm\u00e4rkte erschlie\u00dfen und die Verkaufserl\u00f6se aus der \u00d6lfrucht insgesamt steigern.<\/p>\n<figure id=\"attachment_596\" aria-describedby=\"caption-attachment-596\" style=\"width: 914px\" class=\"wp-caption aligncenter\"><img loading=\"lazy\" decoding=\"async\" class=\"wp-image-596 \" src=\"https:\/\/ethana.de\/wp-content\/uploads\/Verarbeitung-von-Rapssaat.png\" alt=\"Schematische Darstellung der Verarbeitung von Raps\" width=\"914\" height=\"656\" srcset=\"https:\/\/ethana.de\/wp-content\/uploads\/Verarbeitung-von-Rapssaat.png 1131w, https:\/\/ethana.de\/wp-content\/uploads\/Verarbeitung-von-Rapssaat-300x215.png 300w, https:\/\/ethana.de\/wp-content\/uploads\/Verarbeitung-von-Rapssaat-768x551.png 768w, https:\/\/ethana.de\/wp-content\/uploads\/Verarbeitung-von-Rapssaat-1024x735.png 1024w\" sizes=\"(max-width: 914px) 100vw, 914px\" \/><figcaption id=\"caption-attachment-596\" class=\"wp-caption-text\">Schematische Darstellung der Verarbeitung von Rapssaat. Links) klassisches Verfahren und Rechts) Verarbeitung nach dem Konzept der ethanolischen, milden Extraktion (EthaNa Verfahren).<\/figcaption><\/figure>\n<\/div>\n<h3>Das EthaNa-Konzept ist ein ganzheitliches Verfahren zur Rapsaufbereitung.<\/h3>\n<p>Es schlie\u00dft die Sch\u00e4lung der Rapssaat, den Zellaufschluss der Rapskerne sowie die fraktionierte Extraktion mit Ethanol ein und verzichtet auf die Pressung der Saat. Die Prozessf\u00fchrung bei maximal 80\u00b0C ist schonend. Durch die Direktextraktion mit Alkohol lassen sich hochwertiges Pflanzen\u00f6l und hochwertige Proteine als Hauptprodukte gewinnen. Daneben fallen sekund\u00e4re Inhaltsstoffe wie z.B. Sinapins\u00e4ure, Tocopherole, Phytins\u00e4ure oder Glucosinolate an, die bspw. f\u00fcr technische oder kosmetische Produkte nutzbar sind. Perspektivisch k\u00f6nnte das Verfahren damit auch in eine Pflanzen\u00f6l-Bioraffinerie integriert werden.<\/p>\n<p><strong>Weitere Informationen zum Projekt finden Sie auf den Unterseiten:<\/strong><\/p>\n<div class=\"subpages\">\n\n\n\n\n<article class=\"subpage-child-item style-0\" id=\"post-65\">\n\t<a class=\"service-link\" href=\"https:\/\/ethana.de\/?page_id=65\"><span class=\"screen-reader-text\">Projektziele<\/span><\/a>\n\n\t<div class=\"subpage-content-item thumb\">\n\t\t\t<\/div>\n\t<div class=\"subpage-content-item content\">\n\t\t<h3 class=\"service-title\">Projektziele<\/h3>\n\t\t\t<p>Das Gesamtziel des Projektes ist ein Konzept zur Aufbereitung von Raps zu entwickeln, dass die Prozessentwicklung, sowie die Demonstration des Gesamtverfahrens im Pilotma\u00dfstab beinhaltet.<\/p>\n\t\t\t<div class=\"ccpages_more\">\n\t\t\t\t<a class=\"\" href=\"https:\/\/ethana.de\/?page_id=65\">\n\t\t\t\tweiterlesen&nbsp;&nbsp;<i class=\"fa fa-forward\"><\/i><\/a>\n\t\t\t<\/div>\n\t<\/div>\n\t\n<\/article>\n\n\n\n\n<article class=\"subpage-child-item style-1\" id=\"post-67\">\n\t<a class=\"service-link\" href=\"https:\/\/ethana.de\/?page_id=67\"><span class=\"screen-reader-text\">Stand der Wissenschaft und Technik<\/span><\/a>\n\n\t<div class=\"subpage-content-item thumb\">\n\t\t\t<\/div>\n\t<div class=\"subpage-content-item content\">\n\t\t<h3 class=\"service-title\">Stand der Wissenschaft und Technik<\/h3>\n\t\t\t<p>Die Rapsverarbeitung in Europa erfolgt gegenw\u00e4rtig in klassischen \u00d6lm\u00fchlen und besteht aus der Pressung sowie einer Nachextraktion des Presskuchens mit Hexan, um die \u00d6lausbeute zu steigern. <\/p>\n\t\t\t<div class=\"ccpages_more\">\n\t\t\t\t<a class=\"\" href=\"https:\/\/ethana.de\/?page_id=67\">\n\t\t\t\tweiterlesen&nbsp;&nbsp;<i class=\"fa fa-forward\"><\/i><\/a>\n\t\t\t<\/div>\n\t<\/div>\n\t\n<\/article>\n\n\n<\/div>\n\n<\/div>\n<hr \/>\n<div class=\"row\">\n<p>Das Vorhaben wird vom Bundesministerium f\u00fcr Ern\u00e4hrung und Landwirtschaft (BMEL) \u00fcber den Projekttr\u00e4ger Fachagentur Nachwachsende Rohstoffe e. V. (FNR) gef\u00f6rdert. Das Verbundprojekt gliedert sich in insgesamt 11 Teilvorhaben, die von den entsprechenden Projektpartnern umgesetzt werden:<\/p>\n<ol>\n<li>Pilotierung des Ethana-Verfahrens und Untersuchungen zur Aufarbeitung der Rohprodukte &#8211; Fraunhofer-Zentrum f\u00fcr Chemisch-Biotechnologische Prozesse (CBP), FKZ:\u00a022400517<\/li>\n<li>Gewinnung von Minorkomponenten aus den Extrakten &#8211; Fraunhofer-Institut f\u00fcr Grenzfl\u00e4chen und Bioverfahrenstechnik (IGB), FKZ:\u00a022400617<\/li>\n<li>Charakterisierung der Rapsmehlkonzentrate zur Gewinnung von Rapsproteinen und Bewertung der Anwendungsm\u00f6glichkeiten &#8211; Fraunhofer-Institut f\u00fcr Verfahrenstechnik und Verpackung (IVV), FKZ: 22400717<\/li>\n<li>Untersuchung des Rapsmehlkonzentrats zur Applikation als Futtermittel -Forschungsinstitut Futtermitteltechnik der IFF, FKZ:\u00a022400817<\/li>\n<li>\u00d6konomische und \u00f6kologische Begleitforschung im Verbundprojekt &#8211; Karlsruher Institut f\u00fcr Technologie (KIT) \u2013 Institut f\u00fcr Industriebetriebslehre und Industrielle Produktion (IIP), FKZ:\u00a022400917<\/li>\n<li>Technische Begleitung und Engineering der Pilotanlage &#8211; B+B Engineering GmbH, FKZ:\u00a022401017<\/li>\n<li>Bereitstellung von \u00d6lsaaten und Bewertung des Gesamtverfahrens &#8211; C. Thywissen GmbH, FKZ:\u00a022401117<\/li>\n<li>Pilotierung der kontinuierlichen Sch\u00e4lung von Raps und technische Begleitung &#8211; AVA Anhaltinische Verfahrens- und Anlagentechnik GmbH, FKZ:\u00a022401217<\/li>\n<li>Auslegung und Pilotierung der Technologie zum Aufschluss der Rapssaat &#8211; Miccra GmbH, FKZ:\u00a022401317<\/li>\n<li>Auslegung und Pilotierung Trockner und Filterschnecke zur Fest- Fl\u00fcssigtrennung, Alkoholverdampfung und Trocknung &#8211; VetterTec GmbH, FKZ:\u00a022401417<\/li>\n<li>Strategieentwicklung zur Industrieeinf\u00fchrung und Technologievermarktung &#8211; tti Magdeburg GmbH, FKZ:\u00a022401517<\/li>\n<\/ol>\n<p>Weitere Informationen stehen auf\u00a0<a href=\"https:\/\/www.fnr.de\/presse\/pressemitteilungen\/aktuelle-mitteilungen\/aktuelle-nachricht\/?tx_ttnews%5Byear%5D=2017&amp;tx_ttnews%5Bmonth%5D=11&amp;tx_ttnews%5Bday%5D=07&amp;tx_ttnews%5Btt_news%5D=10312&amp;cHash=8e91a93df2aaa046dfa955c613c5295a\">fnr.de<\/a> zur Verf\u00fcgung<\/p>\n<p>(Kontakt: Nicole Paul; Fachagentur f\u00fcr Nachwachsende Rohstoffe FNR; Pressemitteilung vom 17.11.2017).<\/p>\n<\/div>\n<\/article>\n<\/div>\n","protected":false},"excerpt":{"rendered":"<p>EthaNa &#8211; das Fraunhofer-Zentrums f\u00fcr Chemisch-Biotechnologische Prozesse (CBP) erforscht mit zehn Partnern ein neuartiges Konzept zur Aufbereitung von Raps.<\/p>\n","protected":false},"author":2,"featured_media":214,"parent":0,"menu_order":0,"comment_status":"closed","ping_status":"closed","template":"","meta":{"footnotes":""},"yoast_head":"<!-- This site is optimized with the Yoast SEO plugin v21.5 - https:\/\/yoast.com\/wordpress\/plugins\/seo\/ -->\n<title>Forschungsprojekt EthaNa - neues Extraktionsverfahren f\u00fcr Raps<\/title>\n<meta name=\"description\" content=\"EthaNa - das Fraunhofer-Zentrums f\u00fcr Chemisch-Biotechnologische Prozesse (CBP) erforscht mit zehn Partnern ein neuartiges Konzept zur Aufbereitung von Raps.\" \/>\n<meta name=\"robots\" content=\"index, follow, max-snippet:-1, max-image-preview:large, max-video-preview:-1\" \/>\n<link rel=\"canonical\" href=\"https:\/\/ethana.de\/?page_id=40\" \/>\n<meta property=\"og:locale\" content=\"de_DE\" \/>\n<meta property=\"og:type\" content=\"article\" \/>\n<meta property=\"og:title\" content=\"Forschungsprojekt EthaNa - neues Extraktionsverfahren f\u00fcr Raps\" \/>\n<meta property=\"og:description\" content=\"EthaNa - das Fraunhofer-Zentrums f\u00fcr Chemisch-Biotechnologische Prozesse (CBP) erforscht mit zehn Partnern ein neuartiges Konzept zur Aufbereitung von Raps.\" \/>\n<meta property=\"og:url\" content=\"https:\/\/ethana.de\/?page_id=40\" \/>\n<meta property=\"og:site_name\" content=\"ethana.de\" \/>\n<meta property=\"article:modified_time\" content=\"2021-07-13T07:23:02+00:00\" \/>\n<meta property=\"og:image\" content=\"https:\/\/ethana.de\/wp-content\/uploads\/314079-237-Kopie.jpg\" \/>\n\t<meta property=\"og:image:width\" content=\"1703\" \/>\n\t<meta property=\"og:image:height\" content=\"1133\" \/>\n\t<meta property=\"og:image:type\" content=\"image\/jpeg\" \/>\n<meta name=\"twitter:card\" content=\"summary_large_image\" \/>\n<meta name=\"twitter:label1\" content=\"Gesch\u00e4tzte Lesezeit\" \/>\n\t<meta name=\"twitter:data1\" content=\"3\u00a0Minuten\" \/>\n<script type=\"application\/ld+json\" class=\"yoast-schema-graph\">{\"@context\":\"https:\/\/schema.org\",\"@graph\":[{\"@type\":\"WebPage\",\"@id\":\"https:\/\/ethana.de\/?page_id=40\",\"url\":\"https:\/\/ethana.de\/?page_id=40\",\"name\":\"Forschungsprojekt EthaNa - neues Extraktionsverfahren f\u00fcr Raps\",\"isPartOf\":{\"@id\":\"https:\/\/ethana.de\/#website\"},\"datePublished\":\"2018-03-07T15:11:36+00:00\",\"dateModified\":\"2021-07-13T07:23:02+00:00\",\"description\":\"EthaNa - das Fraunhofer-Zentrums f\u00fcr Chemisch-Biotechnologische Prozesse (CBP) erforscht mit zehn Partnern ein neuartiges Konzept zur Aufbereitung von Raps.\",\"breadcrumb\":{\"@id\":\"https:\/\/ethana.de\/?page_id=40#breadcrumb\"},\"inLanguage\":\"de\",\"potentialAction\":[{\"@type\":\"ReadAction\",\"target\":[\"https:\/\/ethana.de\/?page_id=40\"]}]},{\"@type\":\"BreadcrumbList\",\"@id\":\"https:\/\/ethana.de\/?page_id=40#breadcrumb\",\"itemListElement\":[{\"@type\":\"ListItem\",\"position\":1,\"name\":\"Startseite\",\"item\":\"https:\/\/ethana.de\/\"},{\"@type\":\"ListItem\",\"position\":2,\"name\":\"Projektvorstellung\"}]},{\"@type\":\"WebSite\",\"@id\":\"https:\/\/ethana.de\/#website\",\"url\":\"https:\/\/ethana.de\/\",\"name\":\"ethana.de\",\"description\":\"neuartiges Konzept zur Aufarbeitung von Raps\",\"potentialAction\":[{\"@type\":\"SearchAction\",\"target\":{\"@type\":\"EntryPoint\",\"urlTemplate\":\"https:\/\/ethana.de\/?s={search_term_string}\"},\"query-input\":\"required name=search_term_string\"}],\"inLanguage\":\"de\"}]}<\/script>\n<!-- \/ Yoast SEO plugin. -->","yoast_head_json":{"title":"Forschungsprojekt EthaNa - neues Extraktionsverfahren f\u00fcr Raps","description":"EthaNa - das Fraunhofer-Zentrums f\u00fcr Chemisch-Biotechnologische Prozesse (CBP) erforscht mit zehn Partnern ein neuartiges Konzept zur Aufbereitung von Raps.","robots":{"index":"index","follow":"follow","max-snippet":"max-snippet:-1","max-image-preview":"max-image-preview:large","max-video-preview":"max-video-preview:-1"},"canonical":"https:\/\/ethana.de\/?page_id=40","og_locale":"de_DE","og_type":"article","og_title":"Forschungsprojekt EthaNa - neues Extraktionsverfahren f\u00fcr Raps","og_description":"EthaNa - das Fraunhofer-Zentrums f\u00fcr Chemisch-Biotechnologische Prozesse (CBP) erforscht mit zehn Partnern ein neuartiges Konzept zur Aufbereitung von Raps.","og_url":"https:\/\/ethana.de\/?page_id=40","og_site_name":"ethana.de","article_modified_time":"2021-07-13T07:23:02+00:00","og_image":[{"width":1703,"height":1133,"url":"https:\/\/ethana.de\/wp-content\/uploads\/314079-237-Kopie.jpg","type":"image\/jpeg"}],"twitter_card":"summary_large_image","twitter_misc":{"Gesch\u00e4tzte Lesezeit":"3\u00a0Minuten"},"schema":{"@context":"https:\/\/schema.org","@graph":[{"@type":"WebPage","@id":"https:\/\/ethana.de\/?page_id=40","url":"https:\/\/ethana.de\/?page_id=40","name":"Forschungsprojekt EthaNa - neues Extraktionsverfahren f\u00fcr Raps","isPartOf":{"@id":"https:\/\/ethana.de\/#website"},"datePublished":"2018-03-07T15:11:36+00:00","dateModified":"2021-07-13T07:23:02+00:00","description":"EthaNa - das Fraunhofer-Zentrums f\u00fcr Chemisch-Biotechnologische Prozesse (CBP) erforscht mit zehn Partnern ein neuartiges Konzept zur Aufbereitung von Raps.","breadcrumb":{"@id":"https:\/\/ethana.de\/?page_id=40#breadcrumb"},"inLanguage":"de","potentialAction":[{"@type":"ReadAction","target":["https:\/\/ethana.de\/?page_id=40"]}]},{"@type":"BreadcrumbList","@id":"https:\/\/ethana.de\/?page_id=40#breadcrumb","itemListElement":[{"@type":"ListItem","position":1,"name":"Startseite","item":"https:\/\/ethana.de\/"},{"@type":"ListItem","position":2,"name":"Projektvorstellung"}]},{"@type":"WebSite","@id":"https:\/\/ethana.de\/#website","url":"https:\/\/ethana.de\/","name":"ethana.de","description":"neuartiges Konzept zur Aufarbeitung von Raps","potentialAction":[{"@type":"SearchAction","target":{"@type":"EntryPoint","urlTemplate":"https:\/\/ethana.de\/?s={search_term_string}"},"query-input":"required name=search_term_string"}],"inLanguage":"de"}]}},"_links":{"self":[{"href":"https:\/\/ethana.de\/index.php?rest_route=\/wp\/v2\/pages\/40"}],"collection":[{"href":"https:\/\/ethana.de\/index.php?rest_route=\/wp\/v2\/pages"}],"about":[{"href":"https:\/\/ethana.de\/index.php?rest_route=\/wp\/v2\/types\/page"}],"author":[{"embeddable":true,"href":"https:\/\/ethana.de\/index.php?rest_route=\/wp\/v2\/users\/2"}],"replies":[{"embeddable":true,"href":"https:\/\/ethana.de\/index.php?rest_route=%2Fwp%2Fv2%2Fcomments&post=40"}],"version-history":[{"count":23,"href":"https:\/\/ethana.de\/index.php?rest_route=\/wp\/v2\/pages\/40\/revisions"}],"predecessor-version":[{"id":945,"href":"https:\/\/ethana.de\/index.php?rest_route=\/wp\/v2\/pages\/40\/revisions\/945"}],"wp:featuredmedia":[{"embeddable":true,"href":"https:\/\/ethana.de\/index.php?rest_route=\/wp\/v2\/media\/214"}],"wp:attachment":[{"href":"https:\/\/ethana.de\/index.php?rest_route=%2Fwp%2Fv2%2Fmedia&parent=40"}],"curies":[{"name":"wp","href":"https:\/\/api.w.org\/{rel}","templated":true}]}}