{"id":42,"date":"2018-03-07T16:12:05","date_gmt":"2018-03-07T15:12:05","guid":{"rendered":"http:\/\/ethana.de\/?page_id=42"},"modified":"2020-05-28T09:10:35","modified_gmt":"2020-05-28T07:10:35","slug":"verbundpartner","status":"publish","type":"page","link":"https:\/\/ethana.de\/?page_id=42","title":{"rendered":"Verbundpartner"},"content":{"rendered":"<div class=\"subpages\">\n\n\n\n\n<article class=\"subpage-child-item style-0\" id=\"post-75\">\n\t<a class=\"service-link\" href=\"https:\/\/ethana.de\/?page_id=75\"><span class=\"screen-reader-text\">Fraunhofer-Zentrum f\u00fcr Chemisch-Biotechnologische Prozesse CBP<\/span><\/a>\n\n\t<div class=\"subpage-content-item thumb\">\n\t\t\t<\/div>\n\t<div class=\"subpage-content-item content\">\n\t\t<h3 class=\"service-title\">Fraunhofer-Zentrum f\u00fcr Chemisch-Biotechnologische Prozesse CBP<\/h3>\n\t\t\t<p><img loading=\"lazy\" decoding=\"async\" class=\"alignleft size-medium wp-image-186\" src=\"http:\/\/ethana.de\/wp-content\/uploads\/Logo-CBP-300x82.jpg\" alt=\"Logo Fraunhofer CBP\" width=\"300\" height=\"82\" srcset=\"https:\/\/ethana.de\/wp-content\/uploads\/Logo-CBP-300x82.jpg 300w, https:\/\/ethana.de\/wp-content\/uploads\/Logo-CBP.jpg 388w\" sizes=\"(max-width: 300px) 100vw, 300px\" \/>Am Fraunhofer CBP wird durch die Bereitstellung von Infrastruktur und Technikums\u2010 und Pilotanlagen die Entwicklung und Skalierung von Prozessen erm\u00f6glicht und die Auslegung in industrierelevante Verfahren vorangetrieben.<\/p>\n\t\t\t<div class=\"ccpages_more\">\n\t\t\t\t<a class=\"\" href=\"https:\/\/ethana.de\/?page_id=75\">\n\t\t\t\tweiterlesen&nbsp;&nbsp;<i class=\"fa fa-forward\"><\/i><\/a>\n\t\t\t<\/div>\n\t<\/div>\n\t\n<\/article>\n\n\n\n\n<article class=\"subpage-child-item style-1\" id=\"post-107\">\n\t<a class=\"service-link\" href=\"https:\/\/ethana.de\/?page_id=107\"><span class=\"screen-reader-text\">B+B Engineering GmbH<\/span><\/a>\n\n\t<div class=\"subpage-content-item thumb\">\n\t\t\t<\/div>\n\t<div class=\"subpage-content-item content\">\n\t\t<h3 class=\"service-title\">B+B Engineering GmbH<\/h3>\n\t\t\t<p><img loading=\"lazy\" decoding=\"async\" class=\"alignright size-medium wp-image-174\" src=\"http:\/\/ethana.de\/wp-content\/uploads\/Logo-BB-Engineering-300x85.jpg\" alt=\"Logo BB Engineering GmbH\" width=\"300\" height=\"85\" srcset=\"https:\/\/ethana.de\/wp-content\/uploads\/Logo-BB-Engineering-300x85.jpg 300w, https:\/\/ethana.de\/wp-content\/uploads\/Logo-BB-Engineering.jpg 320w\" sizes=\"(max-width: 300px) 100vw, 300px\" \/>B+B Engineering GmbH wurde 1991 in Magdeburg gegr\u00fcndet. Hauptausrichtung war die Beratung und der Kundendienst f\u00fcr den Anlagenbau in der Nahrungsg\u00fcter\u2010 und Pharmaindustrie. <\/p>\n\t\t\t<div class=\"ccpages_more\">\n\t\t\t\t<a class=\"\" href=\"https:\/\/ethana.de\/?page_id=107\">\n\t\t\t\tweiterlesen&nbsp;&nbsp;<i class=\"fa fa-forward\"><\/i><\/a>\n\t\t\t<\/div>\n\t<\/div>\n\t\n<\/article>\n\n\n\n\n<article class=\"subpage-child-item style-2\" id=\"post-77\">\n\t<a class=\"service-link\" href=\"https:\/\/ethana.de\/?page_id=77\"><span class=\"screen-reader-text\">Fraunhofer-Institut f\u00fcr Grenzfl\u00e4chen- und Bioverfahrenstechnik IGB<\/span><\/a>\n\n\t<div class=\"subpage-content-item thumb\">\n\t\t\t<\/div>\n\t<div class=\"subpage-content-item content\">\n\t\t<h3 class=\"service-title\">Fraunhofer-Institut f\u00fcr Grenzfl\u00e4chen- und Bioverfahrenstechnik IGB<\/h3>\n\t\t\t<p><img loading=\"lazy\" decoding=\"async\" class=\"alignleft wp-image-177 size-medium\" src=\"https:\/\/ethana.de\/wp-content\/uploads\/Logo-IGB-300x85.jpg\" alt=\"Logo Fraunhofer IGB\" width=\"300\" height=\"85\" srcset=\"https:\/\/ethana.de\/wp-content\/uploads\/Logo-IGB-300x85.jpg 300w, https:\/\/ethana.de\/wp-content\/uploads\/Logo-IGB.jpg 375w\" sizes=\"(max-width: 300px) 100vw, 300px\" \/>Das Fraunhofer IGB entwickelt und optimiert Verfahren, Produkte und Technologien f\u00fcr die Gesch\u00e4ftsfelder Gesundheit, Chemie und Prozessindustrie sowie Umwelt und Energie.<\/p>\n\t\t\t<div class=\"ccpages_more\">\n\t\t\t\t<a class=\"\" href=\"https:\/\/ethana.de\/?page_id=77\">\n\t\t\t\tweiterlesen&nbsp;&nbsp;<i class=\"fa fa-forward\"><\/i><\/a>\n\t\t\t<\/div>\n\t<\/div>\n\t\n<\/article>\n\n\n\n\n<article class=\"subpage-child-item style-3\" id=\"post-79\">\n\t<a class=\"service-link\" href=\"https:\/\/ethana.de\/?page_id=79\"><span class=\"screen-reader-text\">Fraunhofer-Institut f\u00fcr Verfahrenstechnik und Verpackung IVV<\/span><\/a>\n\n\t<div class=\"subpage-content-item thumb\">\n\t\t\t<\/div>\n\t<div class=\"subpage-content-item content\">\n\t\t<h3 class=\"service-title\">Fraunhofer-Institut f\u00fcr Verfahrenstechnik und Verpackung IVV<\/h3>\n\t\t\t<p><img loading=\"lazy\" decoding=\"async\" class=\"size-full wp-image-178 alignright\" src=\"http:\/\/ethana.de\/wp-content\/uploads\/Logo-IVV.jpg\" alt=\"\" width=\"268\" height=\"75\" \/>Das Fraunhofer\u2010Institut f\u00fcr Verfahrenstechnik und Verpackung IVV verf\u00fcgt \u00fcber langj\u00e4hrige Erfahrung im Bereich der Aufbereitung und Gewinnung von Proteinen, Ballaststoffen und sekund\u00e4ren Pflanzenstoffen aus verschiedensten pflanzlichen Rohstoffen.<\/p>\n\t\t\t<div class=\"ccpages_more\">\n\t\t\t\t<a class=\"\" href=\"https:\/\/ethana.de\/?page_id=79\">\n\t\t\t\tweiterlesen&nbsp;&nbsp;<i class=\"fa fa-forward\"><\/i><\/a>\n\t\t\t<\/div>\n\t<\/div>\n\t\n<\/article>\n\n\n\n\n<article class=\"subpage-child-item style-4\" id=\"post-105\">\n\t<a class=\"service-link\" href=\"https:\/\/ethana.de\/?page_id=105\"><span class=\"screen-reader-text\">Karlruher Institut f\u00fcr Technologie KIT &#8211; Institut f\u00fcr Industriebetriebslehre und Industrielle Produktion IIP<\/span><\/a>\n\n\t<div class=\"subpage-content-item thumb\">\n\t\t\t<\/div>\n\t<div class=\"subpage-content-item content\">\n\t\t<h3 class=\"service-title\">Karlruher Institut f\u00fcr Technologie KIT &#8211; Institut f\u00fcr Industriebetriebslehre und Industrielle Produktion IIP<\/h3>\n\t\t\t<p><img loading=\"lazy\" decoding=\"async\" class=\"alignleft size-full wp-image-195\" src=\"http:\/\/ethana.de\/wp-content\/uploads\/Logo-KIT.jpg\" alt=\"Logo KIT \" width=\"204\" height=\"92\" \/>Das Institut f\u00fcr Industriebetriebslehre und industrielle Produktion (IIP) des KIT verf\u00fcgt \u00fcber ein internationales Team aus ca. 50 Wirtschafts\u2010, Ingenieur\u2010, Natur\u2010 und Umweltwissenschaftlern, die interdisziplin\u00e4re, anwendungsorientierte Forschungsfragen bearbeiten.<\/p>\n\t\t\t<div class=\"ccpages_more\">\n\t\t\t\t<a class=\"\" href=\"https:\/\/ethana.de\/?page_id=105\">\n\t\t\t\tweiterlesen&nbsp;&nbsp;<i class=\"fa fa-forward\"><\/i><\/a>\n\t\t\t<\/div>\n\t<\/div>\n\t\n<\/article>\n\n\n\n\n<article class=\"subpage-child-item style-5\" id=\"post-117\">\n\t<a class=\"service-link\" href=\"https:\/\/ethana.de\/?page_id=117\"><span class=\"screen-reader-text\">tti Technologietranfer- und Innovationsf\u00f6rderung Magdeburg GmbH<\/span><\/a>\n\n\t<div class=\"subpage-content-item thumb\">\n\t\t\t<\/div>\n\t<div class=\"subpage-content-item content\">\n\t\t<h3 class=\"service-title\">tti Technologietranfer- und Innovationsf\u00f6rderung Magdeburg GmbH<\/h3>\n\t\t\t<p><img loading=\"lazy\" decoding=\"async\" class=\"alignright size-full wp-image-179\" src=\"http:\/\/ethana.de\/wp-content\/uploads\/Logo-tti.jpg\" alt=\"Logo tti \" width=\"137\" height=\"126\" \/>Die tti Technologietransfer\u2010 und Innovationsf\u00f6rderung Magdeburg GmbH (tti Magdeburg GmbH) ist auf Initiative der Landesregierung mit Unterst\u00fctzung des BMWi 1992 durch die Industrie\u2010 und Handelskammer (IHK) Magdeburg gegr\u00fcndet worden. <\/p>\n\t\t\t<div class=\"ccpages_more\">\n\t\t\t\t<a class=\"\" href=\"https:\/\/ethana.de\/?page_id=117\">\n\t\t\t\tweiterlesen&nbsp;&nbsp;<i class=\"fa fa-forward\"><\/i><\/a>\n\t\t\t<\/div>\n\t<\/div>\n\t\n<\/article>\n\n\n\n\n<article class=\"subpage-child-item style-6\" id=\"post-115\">\n\t<a class=\"service-link\" href=\"https:\/\/ethana.de\/?page_id=115\"><span class=\"screen-reader-text\">VetterTec GmbH<\/span><\/a>\n\n\t<div class=\"subpage-content-item thumb\">\n\t\t\t<\/div>\n\t<div class=\"subpage-content-item content\">\n\t\t<h3 class=\"service-title\">VetterTec GmbH<\/h3>\n\t\t\t<p><img loading=\"lazy\" decoding=\"async\" class=\"alignleft size-full wp-image-180\" src=\"http:\/\/ethana.de\/wp-content\/uploads\/Logo-VetterTec-.jpg\" alt=\"Logo VetterTec \" width=\"275\" height=\"90\" \/>VetterTec ist eine eigenst\u00e4ndige GmbH innerhalb der Moret Industries Gruppe. Vetter hat sich von einem reinen Maschinenbauunternehmen zu einem f\u00fchrenden System- und Maschinenanbieter in der St\u00e4rke-, Brauerei-, und Alkoholindustrie systematisch weiterentwickelt und etabliert.<\/p>\n\t\t\t<div class=\"ccpages_more\">\n\t\t\t\t<a class=\"\" href=\"https:\/\/ethana.de\/?page_id=115\">\n\t\t\t\tweiterlesen&nbsp;&nbsp;<i class=\"fa fa-forward\"><\/i><\/a>\n\t\t\t<\/div>\n\t<\/div>\n\t\n<\/article>\n\n\n\n\n<article class=\"subpage-child-item style-7\" id=\"post-111\">\n\t<a class=\"service-link\" href=\"https:\/\/ethana.de\/?page_id=111\"><span class=\"screen-reader-text\">AVA- Anhaltinische Verfahrens-und Anlagentechnik GmbH<\/span><\/a>\n\n\t<div class=\"subpage-content-item thumb\">\n\t\t\t<\/div>\n\t<div class=\"subpage-content-item content\">\n\t\t<h3 class=\"service-title\">AVA- Anhaltinische Verfahrens-und Anlagentechnik GmbH<\/h3>\n\t\t\t<p><img loading=\"lazy\" decoding=\"async\" class=\"alignright wp-image-173\" src=\"http:\/\/ethana.de\/wp-content\/uploads\/Logo-AVA-.jpg\" alt=\"AVA GmbH\" width=\"276\" height=\"114\" \/>Die AVA verf\u00fcgt \u00fcber langj\u00e4hrige theoretische und praktische Erfahrungen auf dem Gebiet der Wirbelschicht\u2010 und Trocknungstechnik. <\/p>\n\t\t\t<div class=\"ccpages_more\">\n\t\t\t\t<a class=\"\" href=\"https:\/\/ethana.de\/?page_id=111\">\n\t\t\t\tweiterlesen&nbsp;&nbsp;<i class=\"fa fa-forward\"><\/i><\/a>\n\t\t\t<\/div>\n\t<\/div>\n\t\n<\/article>\n\n\n\n\n<article class=\"subpage-child-item style-8\" id=\"post-103\">\n\t<a class=\"service-link\" href=\"https:\/\/ethana.de\/?page_id=103\"><span class=\"screen-reader-text\">Forschungsinstitut Futtermitteltechnik der IFF<\/span><\/a>\n\n\t<div class=\"subpage-content-item thumb\">\n\t\t\t<\/div>\n\t<div class=\"subpage-content-item content\">\n\t\t<h3 class=\"service-title\">Forschungsinstitut Futtermitteltechnik der IFF<\/h3>\n\t\t\t<p><img loading=\"lazy\" decoding=\"async\" class=\"alignleft size-full wp-image-176\" src=\"http:\/\/ethana.de\/wp-content\/uploads\/Logo-IFF.jpg\" alt=\"Logo IFF\" width=\"88\" height=\"84\" \/>Die Internationale Forschungsgemeinschaft Futtermitteltechnik e.V. IFF wurde 1961 auf Initiative des Fachverbandes der Futtermittelindustrie gegr\u00fcndet. Sie verf\u00fcgt \u00fcber langj\u00e4hriges Know\u2010how auf dem Gebiet der mechanischen Verfahrenstechnik mit Schwerpunkt futtermitteltechnologischer Untersuchungen.<\/p>\n\t\t\t<div class=\"ccpages_more\">\n\t\t\t\t<a class=\"\" href=\"https:\/\/ethana.de\/?page_id=103\">\n\t\t\t\tweiterlesen&nbsp;&nbsp;<i class=\"fa fa-forward\"><\/i><\/a>\n\t\t\t<\/div>\n\t<\/div>\n\t\n<\/article>\n\n\n\n\n<article class=\"subpage-child-item style-9\" id=\"post-109\">\n\t<a class=\"service-link\" href=\"https:\/\/ethana.de\/?page_id=109\"><span class=\"screen-reader-text\">C.Thywissen GmbH<\/span><\/a>\n\n\t<div class=\"subpage-content-item thumb\">\n\t\t\t<\/div>\n\t<div class=\"subpage-content-item content\">\n\t\t<h3 class=\"service-title\">C.Thywissen GmbH<\/h3>\n\t\t\t<p><img loading=\"lazy\" decoding=\"async\" class=\"alignright size-medium wp-image-175\" src=\"http:\/\/ethana.de\/wp-content\/uploads\/Logo-C.Thywissen-300x75.jpg\" alt=\"Logo C.Thywissen\" width=\"300\" height=\"75\" srcset=\"https:\/\/ethana.de\/wp-content\/uploads\/Logo-C.Thywissen-300x75.jpg 300w, https:\/\/ethana.de\/wp-content\/uploads\/Logo-C.Thywissen.jpg 324w\" sizes=\"(max-width: 300px) 100vw, 300px\" \/>Das Unternehmen Thywissen wurde 1839 in Neuss als \u00d6lm\u00fchle und \u00d6lhandlung gegr\u00fcndet. Noch heute nach 175 Jahren ist dieser Bereich die Kernkompetenz des Unternehmens.<\/p>\n\t\t\t<div class=\"ccpages_more\">\n\t\t\t\t<a class=\"\" href=\"https:\/\/ethana.de\/?page_id=109\">\n\t\t\t\tweiterlesen&nbsp;&nbsp;<i class=\"fa fa-forward\"><\/i><\/a>\n\t\t\t<\/div>\n\t<\/div>\n\t\n<\/article>\n\n\n\n\n<article class=\"subpage-child-item style-10\" id=\"post-113\">\n\t<a class=\"service-link\" href=\"https:\/\/ethana.de\/?page_id=113\"><span class=\"screen-reader-text\">Miccra GmbH<\/span><\/a>\n\n\t<div class=\"subpage-content-item thumb\">\n\t\t\t<\/div>\n\t<div class=\"subpage-content-item content\">\n\t\t<h3 class=\"service-title\">Miccra GmbH<\/h3>\n\t\t\t<p><img loading=\"lazy\" decoding=\"async\" class=\"alignleft wp-image-191\" src=\"http:\/\/ethana.de\/wp-content\/uploads\/Logo-Miccra-.jpg\" alt=\"Logo Miccra GmbH\" width=\"197\" height=\"142\" \/>Das Unternehmen wurde 1994 als ART\u2010moderne Labortechnik GbR gegr\u00fcndet. Der Fokus lag von Beginn an auf die Weiterentwicklung, die Fertigung und den Vertrieb des Rotor\/Stator Prinzips f\u00fcr die Hochleistungsdispergierung.<\/p>\n\t\t\t<div class=\"ccpages_more\">\n\t\t\t\t<a class=\"\" href=\"https:\/\/ethana.de\/?page_id=113\">\n\t\t\t\tweiterlesen&nbsp;&nbsp;<i class=\"fa fa-forward\"><\/i><\/a>\n\t\t\t<\/div>\n\t<\/div>\n\t\n<\/article>\n\n\n<\/div>\n\n<p>&nbsp;<\/p>\n<p>&nbsp;<\/p>\n","protected":false},"excerpt":{"rendered":"<p>&nbsp; &nbsp;<\/p>\n","protected":false},"author":2,"featured_media":536,"parent":0,"menu_order":0,"comment_status":"closed","ping_status":"closed","template":"","meta":{"footnotes":""},"yoast_head":"<!-- This site is optimized with the Yoast SEO plugin v21.5 - https:\/\/yoast.com\/wordpress\/plugins\/seo\/ -->\n<title>Verbundpartner<\/title>\n<meta name=\"description\" content=\"&nbsp;  &nbsp;\" \/>\n<meta name=\"robots\" content=\"index, follow, max-snippet:-1, max-image-preview:large, max-video-preview:-1\" \/>\n<link rel=\"canonical\" href=\"https:\/\/ethana.de\/?page_id=42\" \/>\n<meta property=\"og:locale\" content=\"de_DE\" \/>\n<meta property=\"og:type\" content=\"article\" \/>\n<meta property=\"og:title\" content=\"Verbundpartner\" \/>\n<meta property=\"og:description\" content=\"&nbsp;  &nbsp;\" \/>\n<meta property=\"og:url\" content=\"https:\/\/ethana.de\/?page_id=42\" \/>\n<meta property=\"og:site_name\" content=\"ethana.de\" \/>\n<meta property=\"article:modified_time\" content=\"2020-05-28T07:10:35+00:00\" \/>\n<meta property=\"og:image\" content=\"https:\/\/ethana.de\/wp-content\/uploads\/people-3152585__340.jpg\" \/>\n\t<meta property=\"og:image:width\" content=\"509\" \/>\n\t<meta property=\"og:image:height\" content=\"340\" \/>\n\t<meta property=\"og:image:type\" content=\"image\/jpeg\" \/>\n<meta name=\"twitter:card\" content=\"summary_large_image\" \/>\n<script type=\"application\/ld+json\" class=\"yoast-schema-graph\">{\"@context\":\"https:\/\/schema.org\",\"@graph\":[{\"@type\":\"WebPage\",\"@id\":\"https:\/\/ethana.de\/?page_id=42\",\"url\":\"https:\/\/ethana.de\/?page_id=42\",\"name\":\"Verbundpartner\",\"isPartOf\":{\"@id\":\"https:\/\/ethana.de\/#website\"},\"datePublished\":\"2018-03-07T15:12:05+00:00\",\"dateModified\":\"2020-05-28T07:10:35+00:00\",\"description\":\"&nbsp; &nbsp;\",\"breadcrumb\":{\"@id\":\"https:\/\/ethana.de\/?page_id=42#breadcrumb\"},\"inLanguage\":\"de\",\"potentialAction\":[{\"@type\":\"ReadAction\",\"target\":[\"https:\/\/ethana.de\/?page_id=42\"]}]},{\"@type\":\"BreadcrumbList\",\"@id\":\"https:\/\/ethana.de\/?page_id=42#breadcrumb\",\"itemListElement\":[{\"@type\":\"ListItem\",\"position\":1,\"name\":\"Startseite\",\"item\":\"https:\/\/ethana.de\/\"},{\"@type\":\"ListItem\",\"position\":2,\"name\":\"Verbundpartner\"}]},{\"@type\":\"WebSite\",\"@id\":\"https:\/\/ethana.de\/#website\",\"url\":\"https:\/\/ethana.de\/\",\"name\":\"ethana.de\",\"description\":\"neuartiges Konzept zur Aufarbeitung von Raps\",\"potentialAction\":[{\"@type\":\"SearchAction\",\"target\":{\"@type\":\"EntryPoint\",\"urlTemplate\":\"https:\/\/ethana.de\/?s={search_term_string}\"},\"query-input\":\"required name=search_term_string\"}],\"inLanguage\":\"de\"}]}<\/script>\n<!-- \/ Yoast SEO plugin. -->","yoast_head_json":{"title":"Verbundpartner","description":"&nbsp;  &nbsp;","robots":{"index":"index","follow":"follow","max-snippet":"max-snippet:-1","max-image-preview":"max-image-preview:large","max-video-preview":"max-video-preview:-1"},"canonical":"https:\/\/ethana.de\/?page_id=42","og_locale":"de_DE","og_type":"article","og_title":"Verbundpartner","og_description":"&nbsp;  &nbsp;","og_url":"https:\/\/ethana.de\/?page_id=42","og_site_name":"ethana.de","article_modified_time":"2020-05-28T07:10:35+00:00","og_image":[{"width":509,"height":340,"url":"https:\/\/ethana.de\/wp-content\/uploads\/people-3152585__340.jpg","type":"image\/jpeg"}],"twitter_card":"summary_large_image","schema":{"@context":"https:\/\/schema.org","@graph":[{"@type":"WebPage","@id":"https:\/\/ethana.de\/?page_id=42","url":"https:\/\/ethana.de\/?page_id=42","name":"Verbundpartner","isPartOf":{"@id":"https:\/\/ethana.de\/#website"},"datePublished":"2018-03-07T15:12:05+00:00","dateModified":"2020-05-28T07:10:35+00:00","description":"&nbsp; &nbsp;","breadcrumb":{"@id":"https:\/\/ethana.de\/?page_id=42#breadcrumb"},"inLanguage":"de","potentialAction":[{"@type":"ReadAction","target":["https:\/\/ethana.de\/?page_id=42"]}]},{"@type":"BreadcrumbList","@id":"https:\/\/ethana.de\/?page_id=42#breadcrumb","itemListElement":[{"@type":"ListItem","position":1,"name":"Startseite","item":"https:\/\/ethana.de\/"},{"@type":"ListItem","position":2,"name":"Verbundpartner"}]},{"@type":"WebSite","@id":"https:\/\/ethana.de\/#website","url":"https:\/\/ethana.de\/","name":"ethana.de","description":"neuartiges Konzept zur Aufarbeitung von Raps","potentialAction":[{"@type":"SearchAction","target":{"@type":"EntryPoint","urlTemplate":"https:\/\/ethana.de\/?s={search_term_string}"},"query-input":"required name=search_term_string"}],"inLanguage":"de"}]}},"_links":{"self":[{"href":"https:\/\/ethana.de\/index.php?rest_route=\/wp\/v2\/pages\/42"}],"collection":[{"href":"https:\/\/ethana.de\/index.php?rest_route=\/wp\/v2\/pages"}],"about":[{"href":"https:\/\/ethana.de\/index.php?rest_route=\/wp\/v2\/types\/page"}],"author":[{"embeddable":true,"href":"https:\/\/ethana.de\/index.php?rest_route=\/wp\/v2\/users\/2"}],"replies":[{"embeddable":true,"href":"https:\/\/ethana.de\/index.php?rest_route=%2Fwp%2Fv2%2Fcomments&post=42"}],"version-history":[{"count":7,"href":"https:\/\/ethana.de\/index.php?rest_route=\/wp\/v2\/pages\/42\/revisions"}],"predecessor-version":[{"id":569,"href":"https:\/\/ethana.de\/index.php?rest_route=\/wp\/v2\/pages\/42\/revisions\/569"}],"wp:featuredmedia":[{"embeddable":true,"href":"https:\/\/ethana.de\/index.php?rest_route=\/wp\/v2\/media\/536"}],"wp:attachment":[{"href":"https:\/\/ethana.de\/index.php?rest_route=%2Fwp%2Fv2%2Fmedia&parent=42"}],"curies":[{"name":"wp","href":"https:\/\/api.w.org\/{rel}","templated":true}]}}