{"id":44,"date":"2018-03-07T16:12:28","date_gmt":"2018-03-07T15:12:28","guid":{"rendered":"http:\/\/ethana.de\/?page_id=44"},"modified":"2019-05-02T16:14:21","modified_gmt":"2019-05-02T14:14:21","slug":"oeffentlichkeit","status":"publish","type":"page","link":"https:\/\/ethana.de\/?page_id=44","title":{"rendered":"\u00d6ffentlichkeit"},"content":{"rendered":"<h2 class=\"section-title\">News\/Events<\/h2>\n<article class=\"subpage-child-item\" id=\"post-998\" class=\"list-article clearfix post-998 post type-post status-publish format-standard category-ethana category-news-events czr-hentry\">\n\t<a class=\"service-link\" target=\"_blank\" href=\"https:\/\/ethana.de\/vorstellung-der-ethana-anlage-auf-tagungen-und-konferenzen\"><span class=\"screen-reader-text\">Zum Beitrag<\/span><\/a>\n\n\t\t\t\t<div class=\"service-content\">\n\t\t\t<p class=\"posted-on\">ver&ouml;ffentlicht am: 17. Januar 2023<\/p>\n\t\t\t<h3 class=\"service-title\">Vorstellung der EthaNa\u00ae-Anlage auf Tagungen und Konferenzen<\/h3>\n\t\t\t<p>Vorstellung der EthaNa\u00ae-Anlage auf Tagungen und Konferenzen Am 27.- 28.10.2022 fand die XVIII. Jahrestagung der Deutschen Gesellschaft f\u00fcr Fettwissenschaften e.V. in Hamburg statt. Die AVA GmbH pr\u00e4sentierte auf dieser Veranstaltung als Technologiegeber und Projektpartner des EthaNa-Konsortiums die eindrucksvollen Ergebnisse aus der Entwicklung und Pilotierung der Rapssch\u00e4lanlage. Unter dem Titel \u201eAnlage zur kontinuierlichen Sch\u00e4lung, Trocknung und [&hellip;]<\/p>\n\t\t<\/div>\n\t<div class=\"ccpages_more\">\n\t\t\t\t<a class=\"\" href=\"https:\/\/ethana.de\/?p=998\">\n\t\t\t\tZum Beitrag&nbsp;&nbsp;<i class=\"fa fa-forward\"><\/i><\/a>\n\t\t\t<\/div>\n\t\n\t\n\n<\/article><!-- #post-## -->\n\n<article class=\"subpage-child-item\" id=\"post-996\" class=\"list-article clearfix post-996 post type-post status-publish format-standard category-ethana category-news-events czr-hentry\">\n\t<a class=\"service-link\" target=\"_blank\" href=\"https:\/\/ethana.de\/EthaNa-Abschlusstreffen-vom-24.11.2022\"><span class=\"screen-reader-text\">Zum Beitrag<\/span><\/a>\n\n\t\t\t\t<div class=\"service-content\">\n\t\t\t<p class=\"posted-on\">ver&ouml;ffentlicht am: 17. Januar 2023<\/p>\n\t\t\t<h3 class=\"service-title\">EthaNa Abschlusstreffen vom 24.11.2022<\/h3>\n\t\t\t<p>Nach 5 erfolgreichen Projektjahren fand am 24.11.2022 das EthaNa-Abschlusstreffen am Fraunhofer CBP statt. Zusammen mit allen Projektpartnern und dem Projekttr\u00e4ger, der Fachagentur Nachwachsende Rohstoffe (FNR), wurde die EthaNa\u00ae-Pilotanlage besichtigt, die Ergebnisse des EthaNa-Projektes er\u00f6rtert und Ideen f\u00fcr gemeinsame, zuk\u00fcnftige Zusammenarbeiten gesammelt. Mit dem EthaNa-Verfahren konnte ein gro\u00dfer Schritt in Richtung Bio\u00f6konomie und alternativen Aufarbeitungsverfahrens zur [&hellip;]<\/p>\n\t\t<\/div>\n\t<div class=\"ccpages_more\">\n\t\t\t\t<a class=\"\" href=\"https:\/\/ethana.de\/?p=996\">\n\t\t\t\tZum Beitrag&nbsp;&nbsp;<i class=\"fa fa-forward\"><\/i><\/a>\n\t\t\t<\/div>\n\t\n\t\n\n<\/article><!-- #post-## -->\n\n<article class=\"subpage-child-item\" id=\"post-960\" class=\"list-article clearfix post-960 post type-post status-publish format-standard category-ethana category-news-events czr-hentry\">\n\t<a class=\"service-link\" target=\"_blank\" href=\"https:\/\/ethana.de\/inbetriebnahme-der-ethana-pilotanlage-vor-dem-abschluss\"><span class=\"screen-reader-text\">Zum Beitrag<\/span><\/a>\n\n\t\t\t\t<div class=\"service-content\">\n\t\t\t<p class=\"posted-on\">ver&ouml;ffentlicht am: 13. Juli 2021<\/p>\n\t\t\t<h3 class=\"service-title\">Inbetriebnahme der EthaNa Pilotanlage vor dem Abschluss<\/h3>\n\t\t\t<p>Auf Basis der umfangreichen Planungsarbeiten des Partners B+B Engineering GmbH und unter Zuarbeit der Partner VetterTec GmbH und Miccra GmbH, konnte bereits im vergangenen Jahr mit dem Aufbau der Anlagenteile Extraktion und Produktaufarbeitung am Fraunhofer CBP begonnen werden. Allen Widrigkeiten der letzten Monate zum Trotz, konnte die Ausr\u00fcstungsmontage aller Anlagenteile bis Ende 2020 abgeschlossen und [&hellip;]<\/p>\n\t\t<\/div>\n\t<div class=\"ccpages_more\">\n\t\t\t\t<a class=\"\" href=\"https:\/\/ethana.de\/?p=960\">\n\t\t\t\tZum Beitrag&nbsp;&nbsp;<i class=\"fa fa-forward\"><\/i><\/a>\n\t\t\t<\/div>\n\t\n\t\n\n<\/article><!-- #post-## -->\n\n<article class=\"subpage-child-item\" id=\"post-936\" class=\"list-article clearfix post-936 post type-post status-publish format-standard category-ethana category-news-events czr-hentry\">\n\t<a class=\"service-link\" target=\"_blank\" href=\"https:\/\/ethana.de\/ethana-projektpartner-fraunhofer-ivv-veroeffentlicht-uebersichtsartikel-zu-rapsproteinen\"><span class=\"screen-reader-text\">Zum Beitrag<\/span><\/a>\n\n\t\t\t\t<div class=\"service-content\">\n\t\t\t<p class=\"posted-on\">ver&ouml;ffentlicht am: 26. Februar 2021<\/p>\n\t\t\t<h3 class=\"service-title\">EthaNa Projektpartner Fraunhofer IVV ver\u00f6ffentlicht \u00dcbersichtsartikel zu Rapsproteinen<\/h3>\n\t\t\t<p>Raps ist in Deutschland die meistgenutzte \u00d6lsaat \u2013 weltweit nimmt er nach \u00d6lpalme und Soja den dritten Platz ein. Bei der \u00d6lgewinnung fallen gro\u00dfe Mengen an proteinreichen Reststoffen an, aus denen hochwertige Proteinisolate gewonnen werden k\u00f6nnen. Da deren Einsatz im Lebensmittel- sowie Futtermittelbereich aufgrund der enthaltenen Bitterstoffe limitiert ist, sind Rapsproteine auch f\u00fcr die chemische [&hellip;]<\/p>\n\t\t<\/div>\n\t<div class=\"ccpages_more\">\n\t\t\t\t<a class=\"\" href=\"https:\/\/ethana.de\/?p=936\">\n\t\t\t\tZum Beitrag&nbsp;&nbsp;<i class=\"fa fa-forward\"><\/i><\/a>\n\t\t\t<\/div>\n\t\n\t\n\n<\/article><!-- #post-## -->\n\n<article class=\"subpage-child-item\" id=\"post-930\" class=\"list-article clearfix post-930 post type-post status-publish format-standard category-ethana category-news-events czr-hentry\">\n\t<a class=\"service-link\" target=\"_blank\" href=\"https:\/\/ethana.de\/projekt-tefuprot-nach-8-jahren-erfolgreicher-zusammenarbeit-beendet\/\"><span class=\"screen-reader-text\">Zum Beitrag<\/span><\/a>\n\n\t\t\t\t<div class=\"service-content\">\n\t\t\t<p class=\"posted-on\">ver&ouml;ffentlicht am: 25. Februar 2021<\/p>\n\t\t\t<h3 class=\"service-title\">Projekt \u201eTeFuProt\u201c nach 8 Jahren erfolgreicher Zusammenarbeit beendet<\/h3>\n\t\t\t<p>Projektpartner pr\u00e4sentieren ihre sehenswerte Bilanz Die Innovationsallianz Technofunktionelle Proteine\u201d kurz \u201cTeFuProt\u201d ist eine von sechs strategischen Allianzen, die aus der F\u00f6rderma\u00dfnahme \u201eInnovationsinitiative Industrielle Biotechnologie\u201c des BMBF hervorgegangen ist. In diesem Forschungsvorhaben kam dem Fraunhofer-Institut f\u00fcr Verfahrenstechnik und Verpackung (IVV) die Aufgabe zu, aus Reststoffen der industriellen Raps\u00f6lproduktion Proteine zu isolieren und nachfolgend zu modifizieren. Die [&hellip;]<\/p>\n\t\t<\/div>\n\t<div class=\"ccpages_more\">\n\t\t\t\t<a class=\"\" href=\"https:\/\/ethana.de\/?p=930\">\n\t\t\t\tZum Beitrag&nbsp;&nbsp;<i class=\"fa fa-forward\"><\/i><\/a>\n\t\t\t<\/div>\n\t\n\t\n\n<\/article><!-- #post-## -->\n\n<article class=\"subpage-child-item\" id=\"post-923\" class=\"list-article clearfix post-923 post type-post status-publish format-standard category-ethana category-news-events czr-hentry\">\n\t<a class=\"service-link\" target=\"_blank\" href=\"https:\/\/ethana.de\/ethana-international\/\"><span class=\"screen-reader-text\">Zum Beitrag<\/span><\/a>\n\n\t\t\t\t<div class=\"service-content\">\n\t\t\t<p class=\"posted-on\">ver&ouml;ffentlicht am: 19. August 2020<\/p>\n\t\t\t<h3 class=\"service-title\">\u201cEthaNa international\u201d<\/h3>\n\t\t\t<p>Das durch die FNR und vom BMEL national gef\u00f6rderte Verbundprojekt EthaNa ger\u00e4t nun zunehmend auch in den Fokus ausl\u00e4ndischer Firmen und Forschungseinrichtungen. So nutzt man jede M\u00f6glichkeit das au\u00dfergew\u00f6hnliche Projekt auch \u00fcber die Grenzen Deutschlands bekannt zu machen. Im Juni folgten die Partner, B+B Engineering und Fraunhofer CBP, der Einladung zum AOCS Annual Meeting &amp; [&hellip;]<\/p>\n\t\t<\/div>\n\t<div class=\"ccpages_more\">\n\t\t\t\t<a class=\"\" href=\"https:\/\/ethana.de\/?p=923\">\n\t\t\t\tZum Beitrag&nbsp;&nbsp;<i class=\"fa fa-forward\"><\/i><\/a>\n\t\t\t<\/div>\n\t\n\t\n\n<\/article><!-- #post-## -->\n\n<article class=\"subpage-child-item\" id=\"post-803\" class=\"list-article clearfix post-803 post type-post status-publish format-standard category-news-events czr-hentry\">\n\t<a class=\"service-link\" target=\"_blank\" href=\"https:\/\/ethana.de\/erfolgreiche-inbetriebnahme-der-ethana-rapsschaelanlage\/\"><span class=\"screen-reader-text\">Zum Beitrag<\/span><\/a>\n\n\t\t\t\t<div class=\"service-content\">\n\t\t\t<p class=\"posted-on\">ver&ouml;ffentlicht am: 2. Mai 2019<\/p>\n\t\t\t<h3 class=\"service-title\">Erfolgreiche Inbetriebnahme des EthaNa Anlagenteils Rapssch\u00e4lung<\/h3>\n\t\t\t<p>Nach 5 Monaten Bauzeit konnte die Pilotanlage zur Sch\u00e4lung von Rapssaaten Ende April erfolgreich in Betrieb genommen werden. Gemeinsam mit den Projektpartner B+B Engineering und AVA wurde eine Anlage zum Aufbrechen der Saatk\u00f6rner mit anschlie\u00dfender Trennung der Bestandteile Schalen und Kernmaterial in einer Wirbelschicht ausgelegt und am Fraunhofer CBP aufgebaut.<\/p>\n\t\t<\/div>\n\t<div class=\"ccpages_more\">\n\t\t\t\t<a class=\"\" href=\"https:\/\/ethana.de\/?p=803\">\n\t\t\t\tZum Beitrag&nbsp;&nbsp;<i class=\"fa fa-forward\"><\/i><\/a>\n\t\t\t<\/div>\n\t\n\t\n\n<\/article><!-- #post-## -->\n\n<article class=\"subpage-child-item\" id=\"post-746\" class=\"list-article clearfix post-746 post type-post status-publish format-standard category-ethana category-news-events czr-hentry\">\n\t<a class=\"service-link\" target=\"_blank\" href=\"https:\/\/ethana.de\/errichtung-des-anlagenteils-rapsschaelung\/\"><span class=\"screen-reader-text\">Zum Beitrag<\/span><\/a>\n\n\t\t\t\t<div class=\"service-content\">\n\t\t\t<p class=\"posted-on\">ver&ouml;ffentlicht am: 19. Dezember 2018<\/p>\n\t\t\t<h3 class=\"service-title\">Aufbau Pilotanlage gestartet<\/h3>\n\t\t\t<p>Am 17.12.2018 wurde am Fraunhofer CBP mit dem Aufbau der EthaNa Pilotanlage begonnen.<\/p>\n\t\t<\/div>\n\t<div class=\"ccpages_more\">\n\t\t\t\t<a class=\"\" href=\"https:\/\/ethana.de\/?p=746\">\n\t\t\t\tZum Beitrag&nbsp;&nbsp;<i class=\"fa fa-forward\"><\/i><\/a>\n\t\t\t<\/div>\n\t\n\t\n\n<\/article><!-- #post-## -->\n\n<article class=\"subpage-child-item\" id=\"post-733\" class=\"list-article clearfix post-733 post type-post status-publish format-standard category-news-events category-publikationen czr-hentry\">\n\t<a class=\"service-link\" target=\"_blank\" href=\"https:\/\/ethana.de\/ethana-meets-processnet\/\"><span class=\"screen-reader-text\">Zum Beitrag<\/span><\/a>\n\n\t\t\t\t<div class=\"service-content\">\n\t\t\t<p class=\"posted-on\">ver&ouml;ffentlicht am: 18. September 2018<\/p>\n\t\t\t<h3 class=\"service-title\">EthaNa Verfahren auf ProcessNet vorgestellt<\/h3>\n\t\t\t<p>Vortr\u00e4ge und Publikationen im Rahmen der ProcessNet steigern Bekanntheit des EthaNa Verfahrens.<\/p>\n\t\t<\/div>\n\t<div class=\"ccpages_more\">\n\t\t\t\t<a class=\"\" href=\"https:\/\/ethana.de\/?p=733\">\n\t\t\t\tZum Beitrag&nbsp;&nbsp;<i class=\"fa fa-forward\"><\/i><\/a>\n\t\t\t<\/div>\n\t\n\t\n\n<\/article><!-- #post-## -->\n\n<article class=\"subpage-child-item\" id=\"post-675\" class=\"list-article clearfix post-675 post type-post status-publish format-standard category-news-events czr-hentry\">\n\t<a class=\"service-link\" target=\"_blank\" href=\"https:\/\/ethana.de\/achema-in-frankfurt\/\"><span class=\"screen-reader-text\">Zum Beitrag<\/span><\/a>\n\n\t\t\t\t<div class=\"service-content\">\n\t\t\t<p class=\"posted-on\">ver&ouml;ffentlicht am: 25. Juli 2018<\/p>\n\t\t\t<h3 class=\"service-title\">ACHEMA 2018 &#8211; EthaNa Aufarbeitungsverfahren bald auch f\u00fcr andere \u00d6lsaaten?<\/h3>\n\t\t\t<p>FNR und Verbundpartner pr\u00e4sentierten EthaNa auf der ACHEMA 2018. Informationen, Ausstellungsst\u00fccke und Proben lockten viele Interessierte an.<\/p>\n\t\t<\/div>\n\t<div class=\"ccpages_more\">\n\t\t\t\t<a class=\"\" href=\"https:\/\/ethana.de\/?p=675\">\n\t\t\t\tZum Beitrag&nbsp;&nbsp;<i class=\"fa fa-forward\"><\/i><\/a>\n\t\t\t<\/div>\n\t\n\t\n\n<\/article><!-- #post-## -->\n\n<h2 class=\"section-title\">Publikationen<\/h2>\n<article class=\"subpage-child-item\" id=\"post-918\" class=\"list-article clearfix post-918 post type-post status-publish format-standard category-publikationen czr-hentry\">\n\t<a class=\"service-link\" target=\"_blank\" href=\"https:\/\/ethana.de\/fnr-und-bmel-bewilligen-ethana-projektverlaengerung-bis-2021\"><span class=\"screen-reader-text\">Zum Beitrag<\/span><\/a>\n\n\t\t\t\t<div class=\"service-content\">\n\t\t\t<p class=\"posted-on\">ver&ouml;ffentlicht am: 17. Juni 2020<\/p>\n\t\t\t<h3 class=\"service-title\">FNR und BMEL bewilligen EthaNa Projektverl\u00e4ngerung bis 2021<\/h3>\n\t\t\t<p>Bislang wurde das durch die FNR vom BMEL gef\u00f6rderte Verbundprojekt EthaNa sehr erfolgreich bearbeitet. Mit der Errichtung und Inbetriebnahme der Rapssch\u00e4lanlage im M\u00e4rz 2019 am Fraunhofer CBP, wurde ein wichtiges Zwischenziel im Forschungsprojekt erreicht. Erste Versuchskampagnen an der Rapssch\u00e4lanlage wurden inzwischen durchgef\u00fchrt und sehr gute Ergebnisse erzielt. Derzeit wird der zweite und dritte Anlagenteil Extraktion [&hellip;]<\/p>\n\t\t<\/div>\n\t<div class=\"ccpages_more\">\n\t\t\t\t<a class=\"\" href=\"https:\/\/ethana.de\/?p=918\">\n\t\t\t\tZum Beitrag&nbsp;&nbsp;<i class=\"fa fa-forward\"><\/i><\/a>\n\t\t\t<\/div>\n\t\n\t\n\n<\/article><!-- #post-## -->\n\n<article class=\"subpage-child-item\" id=\"post-733\" class=\"list-article clearfix post-733 post type-post status-publish format-standard category-news-events category-publikationen czr-hentry\">\n\t<a class=\"service-link\" target=\"_blank\" href=\"https:\/\/ethana.de\/ethana-meets-processnet\/\"><span class=\"screen-reader-text\">Zum Beitrag<\/span><\/a>\n\n\t\t\t\t<div class=\"service-content\">\n\t\t\t<p class=\"posted-on\">ver&ouml;ffentlicht am: 18. September 2018<\/p>\n\t\t\t<h3 class=\"service-title\">EthaNa Verfahren auf ProcessNet vorgestellt<\/h3>\n\t\t\t<p>Vortr\u00e4ge und Publikationen im Rahmen der ProcessNet steigern Bekanntheit des EthaNa Verfahrens.<\/p>\n\t\t<\/div>\n\t<div class=\"ccpages_more\">\n\t\t\t\t<a class=\"\" href=\"https:\/\/ethana.de\/?p=733\">\n\t\t\t\tZum Beitrag&nbsp;&nbsp;<i class=\"fa fa-forward\"><\/i><\/a>\n\t\t\t<\/div>\n\t\n\t\n\n<\/article><!-- #post-## -->\n\n<article class=\"subpage-child-item\" id=\"post-667\" class=\"list-article clearfix post-667 post type-post status-publish format-standard category-publikationen czr-hentry\">\n\t<a class=\"service-link\" target=\"_blank\" href=\"https:\/\/prozesstechnik.industrie.de\/chemie\/verfahren-chemie\/biotechnologie\/neue-produkte-aus-raps\/\"><span class=\"screen-reader-text\">Publikation lesen<\/span><\/a>\n\n\t\t\t\t<div class=\"service-content\">\n\t\t\t<p class=\"posted-on\">ver&ouml;ffentlicht am: 19. M\u00e4rz 2018<\/p>\n\t\t\t<h3 class=\"service-title\">Neue Produkte aus Raps<\/h3>\n\t\t\t<p>\u201eNeue Produkte aus Raps\u201c hei\u00dft der im April in der Fachzeitschrift CAV ver\u00f6ffentlichte Artikel zu unserem Projekt. In dem Beitrag wird im Wesentlichen der Unterschied von EthaNa zu den den konventionellen Verfahren zur Verarbeitung von Raps dargestellt. Das neue Verfahren sowie die neuen Produkte aus dem Verfahren ist f\u00fcr unser interessiertes Fachpublikum detailliert beschrieben. Publikation [&hellip;]<\/p>\n\t\t<\/div>\n\t<div class=\"ccpages_more\">\n\t\t\t\t<a class=\"\" href=\"https:\/\/ethana.de\/?p=667\">\n\t\t\t\tPublikation lesen&nbsp;&nbsp;<i class=\"fa fa-forward\"><\/i><\/a>\n\t\t\t<\/div>\n\t\n\t\n\n<\/article><!-- #post-## -->\n\n<article class=\"subpage-child-item\" id=\"post-673\" class=\"list-article clearfix post-673 post type-post status-publish format-standard category-publikationen czr-hentry\">\n\t<a class=\"service-link\" target=\"_blank\" href=\"https:\/\/www.fnr.de\/presse\/pressemitteilungen\/aktuelle-mitteilungen\/aktuelle-nachricht\/?tx_ttnews%5Byear%5D=2017&tx_ttnews%5Bmonth%5D=11&tx_ttnews%5Bday%5D=07&tx_ttnews%5Btt_news%5D=10312&cHash=8e91a93df2aaa046dfa955c613c5295a\"><span class=\"screen-reader-text\">Presseinformation lesen<\/span><\/a>\n\n\t\t\t\t<div class=\"service-content\">\n\t\t\t<p class=\"posted-on\">ver&ouml;ffentlicht am: 7. November 2017<\/p>\n\t\t\t<h3 class=\"service-title\">Pressemitteilung der Fachagentur Nachwachsende Rohstoffe e. V. (FNR)<\/h3>\n\t\t\t<p>Der Projekttr\u00e4ger Fachagentur Nachwachsende Rohstoffe e. V. (FNR) berichtet in einer Pressemitteilung \u00fcber das k\u00fcrzlich begonnene Verbundvorhaben EthaNa. An dem vom Bundesministerium f\u00fcr Ern\u00e4hrung und Landwirtschaft (BMEL) \u00fcber den Projekttr\u00e4ger FNR gef\u00f6rderten Vorhaben sind neben dem Fraunhofer-Zentrum f\u00fcr Chemisch-Biotechnologische Prozesse (CBP) zehn weitere Partner aus Industrie und Forschung beteiligt. Presseinformation lesenPresseinformation lesen<\/p>\n\t\t<\/div>\n\t<div class=\"ccpages_more\">\n\t\t\t\t<a class=\"\" href=\"https:\/\/ethana.de\/?p=673\">\n\t\t\t\tPresseinformation lesen&nbsp;&nbsp;<i class=\"fa fa-forward\"><\/i><\/a>\n\t\t\t<\/div>\n\t\n\t\n\n<\/article><!-- #post-## -->\n\n","protected":false},"excerpt":{"rendered":"","protected":false},"author":2,"featured_media":539,"parent":0,"menu_order":0,"comment_status":"closed","ping_status":"closed","template":"","meta":{"footnotes":""},"yoast_head":"<!-- This site is optimized with the Yoast SEO plugin v21.5 - https:\/\/yoast.com\/wordpress\/plugins\/seo\/ -->\n<title>\u00d6ffentlichkeit<\/title>\n<meta name=\"robots\" content=\"index, follow, max-snippet:-1, max-image-preview:large, max-video-preview:-1\" \/>\n<link rel=\"canonical\" href=\"https:\/\/ethana.de\/?page_id=44\" \/>\n<meta property=\"og:locale\" content=\"de_DE\" \/>\n<meta property=\"og:type\" content=\"article\" \/>\n<meta property=\"og:title\" content=\"\u00d6ffentlichkeit\" \/>\n<meta property=\"og:url\" content=\"https:\/\/ethana.de\/?page_id=44\" \/>\n<meta property=\"og:site_name\" content=\"ethana.de\" \/>\n<meta property=\"article:modified_time\" content=\"2019-05-02T14:14:21+00:00\" \/>\n<meta property=\"og:image\" content=\"https:\/\/ethana.de\/wp-content\/uploads\/news-1592299__340.jpg\" \/>\n\t<meta property=\"og:image:width\" content=\"507\" \/>\n\t<meta property=\"og:image:height\" content=\"340\" \/>\n\t<meta property=\"og:image:type\" content=\"image\/jpeg\" \/>\n<meta name=\"twitter:card\" content=\"summary_large_image\" \/>\n<script type=\"application\/ld+json\" class=\"yoast-schema-graph\">{\"@context\":\"https:\/\/schema.org\",\"@graph\":[{\"@type\":\"WebPage\",\"@id\":\"https:\/\/ethana.de\/?page_id=44\",\"url\":\"https:\/\/ethana.de\/?page_id=44\",\"name\":\"\u00d6ffentlichkeit\",\"isPartOf\":{\"@id\":\"https:\/\/ethana.de\/#website\"},\"datePublished\":\"2018-03-07T15:12:28+00:00\",\"dateModified\":\"2019-05-02T14:14:21+00:00\",\"breadcrumb\":{\"@id\":\"https:\/\/ethana.de\/?page_id=44#breadcrumb\"},\"inLanguage\":\"de\",\"potentialAction\":[{\"@type\":\"ReadAction\",\"target\":[\"https:\/\/ethana.de\/?page_id=44\"]}]},{\"@type\":\"BreadcrumbList\",\"@id\":\"https:\/\/ethana.de\/?page_id=44#breadcrumb\",\"itemListElement\":[{\"@type\":\"ListItem\",\"position\":1,\"name\":\"Startseite\",\"item\":\"https:\/\/ethana.de\/\"},{\"@type\":\"ListItem\",\"position\":2,\"name\":\"\u00d6ffentlichkeit\"}]},{\"@type\":\"WebSite\",\"@id\":\"https:\/\/ethana.de\/#website\",\"url\":\"https:\/\/ethana.de\/\",\"name\":\"ethana.de\",\"description\":\"neuartiges Konzept zur Aufarbeitung von Raps\",\"potentialAction\":[{\"@type\":\"SearchAction\",\"target\":{\"@type\":\"EntryPoint\",\"urlTemplate\":\"https:\/\/ethana.de\/?s={search_term_string}\"},\"query-input\":\"required name=search_term_string\"}],\"inLanguage\":\"de\"}]}<\/script>\n<!-- \/ Yoast SEO plugin. -->","yoast_head_json":{"title":"\u00d6ffentlichkeit","robots":{"index":"index","follow":"follow","max-snippet":"max-snippet:-1","max-image-preview":"max-image-preview:large","max-video-preview":"max-video-preview:-1"},"canonical":"https:\/\/ethana.de\/?page_id=44","og_locale":"de_DE","og_type":"article","og_title":"\u00d6ffentlichkeit","og_url":"https:\/\/ethana.de\/?page_id=44","og_site_name":"ethana.de","article_modified_time":"2019-05-02T14:14:21+00:00","og_image":[{"width":507,"height":340,"url":"https:\/\/ethana.de\/wp-content\/uploads\/news-1592299__340.jpg","type":"image\/jpeg"}],"twitter_card":"summary_large_image","schema":{"@context":"https:\/\/schema.org","@graph":[{"@type":"WebPage","@id":"https:\/\/ethana.de\/?page_id=44","url":"https:\/\/ethana.de\/?page_id=44","name":"\u00d6ffentlichkeit","isPartOf":{"@id":"https:\/\/ethana.de\/#website"},"datePublished":"2018-03-07T15:12:28+00:00","dateModified":"2019-05-02T14:14:21+00:00","breadcrumb":{"@id":"https:\/\/ethana.de\/?page_id=44#breadcrumb"},"inLanguage":"de","potentialAction":[{"@type":"ReadAction","target":["https:\/\/ethana.de\/?page_id=44"]}]},{"@type":"BreadcrumbList","@id":"https:\/\/ethana.de\/?page_id=44#breadcrumb","itemListElement":[{"@type":"ListItem","position":1,"name":"Startseite","item":"https:\/\/ethana.de\/"},{"@type":"ListItem","position":2,"name":"\u00d6ffentlichkeit"}]},{"@type":"WebSite","@id":"https:\/\/ethana.de\/#website","url":"https:\/\/ethana.de\/","name":"ethana.de","description":"neuartiges Konzept zur Aufarbeitung von Raps","potentialAction":[{"@type":"SearchAction","target":{"@type":"EntryPoint","urlTemplate":"https:\/\/ethana.de\/?s={search_term_string}"},"query-input":"required name=search_term_string"}],"inLanguage":"de"}]}},"_links":{"self":[{"href":"https:\/\/ethana.de\/index.php?rest_route=\/wp\/v2\/pages\/44"}],"collection":[{"href":"https:\/\/ethana.de\/index.php?rest_route=\/wp\/v2\/pages"}],"about":[{"href":"https:\/\/ethana.de\/index.php?rest_route=\/wp\/v2\/types\/page"}],"author":[{"embeddable":true,"href":"https:\/\/ethana.de\/index.php?rest_route=\/wp\/v2\/users\/2"}],"replies":[{"embeddable":true,"href":"https:\/\/ethana.de\/index.php?rest_route=%2Fwp%2Fv2%2Fcomments&post=44"}],"version-history":[{"count":12,"href":"https:\/\/ethana.de\/index.php?rest_route=\/wp\/v2\/pages\/44\/revisions"}],"predecessor-version":[{"id":677,"href":"https:\/\/ethana.de\/index.php?rest_route=\/wp\/v2\/pages\/44\/revisions\/677"}],"wp:featuredmedia":[{"embeddable":true,"href":"https:\/\/ethana.de\/index.php?rest_route=\/wp\/v2\/media\/539"}],"wp:attachment":[{"href":"https:\/\/ethana.de\/index.php?rest_route=%2Fwp%2Fv2%2Fmedia&parent=44"}],"curies":[{"name":"wp","href":"https:\/\/api.w.org\/{rel}","templated":true}]}}