{"id":598,"date":"2018-06-06T15:15:37","date_gmt":"2018-06-06T13:15:37","guid":{"rendered":"https:\/\/ethana.de\/?page_id=598"},"modified":"2019-12-19T11:35:07","modified_gmt":"2019-12-19T10:35:07","slug":"impressum","status":"publish","type":"page","link":"https:\/\/ethana.de\/?page_id=598","title":{"rendered":"Impressum"},"content":{"rendered":"<p>Die Pilotierung der ethanolischen nativen Extraktion gesch\u00e4lter Rapssaat EthaNa ist ein vom Bundesministerium f\u00fcr Ern\u00e4hrung und Landwirtschaft (BMEL) sowie vom Projekttr\u00e4ger der Fachagentur Nachwachsende Rohstoffe e. V. (FNR) gef\u00f6rdertes und vom Fraunhofer-Zentrum f\u00fcr Chemisch-Biotechnologische Prozesse CBP bearbeitetes Projekt.<\/p>\n<p>Das<br \/>\n<strong>Fraunhofer-Zentrum f\u00fcr Chemisch-Biotechnologische Prozesse CBP<\/strong><br \/>\nAm Haupttor (Tor 12, Bau 1251)<br \/>\n06237 Leuna<br \/>\nInternet: <a href=\"http:\/\/www.cbp.fraunhofer.de\">www.cbp.fraunhofer.de<\/a><br \/>\nE-Mail: info(at)cbp.fraunhofer.de<\/p>\n<p>ist eine rechtlich nicht selbstst\u00e4ndige Einrichtung der<\/p>\n<p><strong>Fraunhofer-Gesellschaft\u00a0<\/strong><br \/>\n<strong>zur F\u00f6rderung der angewandten Forschung e.V.<\/strong><br \/>\nHansastra\u00dfe 27 c<br \/>\n80686 M\u00fcnchen<br \/>\nInternet:\u00a0<a href=\"http:\/\/www.fraunhofer.de\">www.fraunhofer.de<\/a><br \/>\nE-Mail: info(at)zv.fraunhofer.de<br \/>\nTelefon +49 3461 43-9130<\/p>\n<p>Vertreten durch<br \/>\nDr. Fabian Steffler<\/p>\n<p><strong>Impressum der Fraunhofer-Gesellschaft<br \/>\n<\/strong><a href=\"http:\/\/www.fraunhofer.de\/de\/impressum\">www.fraunhofer.de\/de\/impressum<\/a><\/p>\n<hr \/>\n<p><strong>Realisierung der Webseite<\/strong><\/p>\n<p>optimize Web Online Marketing &amp; Webdesign<br \/>\nSusan Graupner<br \/>\n<a title=\"optimizeWeb besuchen\" href=\"http:\/\/www.optimizeweb.de\" target=\"_blank\" rel=\"noopener noreferrer\">www.optimizeweb.de<\/a><\/p>\n","protected":false},"excerpt":{"rendered":"<p>Die Pilotierung der ethanolischen nativen Extraktion gesch\u00e4lter Rapssaat EthaNa ist ein vom Bundesministerium f\u00fcr Ern\u00e4hrung und Landwirtschaft (BMEL) sowie vom Projekttr\u00e4ger der Fachagentur Nachwachsende Rohstoffe e. V. (FNR) gef\u00f6rdertes und vom Fraunhofer-Zentrum f\u00fcr Chemisch-Biotechnologische Prozesse CBP bearbeitetes Projekt. Das Fraunhofer-Zentrum f\u00fcr Chemisch-Biotechnologische Prozesse CBP Am Haupttor (Tor 12, Bau 1251) 06237 Leuna Internet: www.cbp.fraunhofer.de E-Mail: [&hellip;]<\/p>\n","protected":false},"author":3,"featured_media":0,"parent":0,"menu_order":0,"comment_status":"closed","ping_status":"closed","template":"","meta":{"footnotes":""},"yoast_head":"<!-- This site is optimized with the Yoast SEO plugin v21.5 - https:\/\/yoast.com\/wordpress\/plugins\/seo\/ -->\n<title>Impressum<\/title>\n<meta name=\"description\" content=\"Die Pilotierung der ethanolischen nativen Extraktion gesch\u00e4lter Rapssaat EthaNa ist ein vom Bundesministerium f\u00fcr Ern\u00e4hrung und Landwirtschaft (BMEL)\" \/>\n<meta name=\"robots\" content=\"index, follow, max-snippet:-1, max-image-preview:large, max-video-preview:-1\" \/>\n<link rel=\"canonical\" href=\"https:\/\/ethana.de\/?page_id=598\" \/>\n<meta property=\"og:locale\" content=\"de_DE\" \/>\n<meta property=\"og:type\" content=\"article\" \/>\n<meta property=\"og:title\" content=\"Impressum\" \/>\n<meta property=\"og:description\" content=\"Die Pilotierung der ethanolischen nativen Extraktion gesch\u00e4lter Rapssaat EthaNa ist ein vom Bundesministerium f\u00fcr Ern\u00e4hrung und Landwirtschaft (BMEL)\" \/>\n<meta property=\"og:url\" content=\"https:\/\/ethana.de\/?page_id=598\" \/>\n<meta property=\"og:site_name\" content=\"ethana.de\" \/>\n<meta property=\"article:modified_time\" content=\"2019-12-19T10:35:07+00:00\" \/>\n<meta name=\"twitter:card\" content=\"summary_large_image\" \/>\n<meta name=\"twitter:label1\" content=\"Gesch\u00e4tzte Lesezeit\" \/>\n\t<meta name=\"twitter:data1\" content=\"1\u00a0Minute\" \/>\n<script type=\"application\/ld+json\" class=\"yoast-schema-graph\">{\"@context\":\"https:\/\/schema.org\",\"@graph\":[{\"@type\":\"WebPage\",\"@id\":\"https:\/\/ethana.de\/?page_id=598\",\"url\":\"https:\/\/ethana.de\/?page_id=598\",\"name\":\"Impressum\",\"isPartOf\":{\"@id\":\"https:\/\/ethana.de\/#website\"},\"datePublished\":\"2018-06-06T13:15:37+00:00\",\"dateModified\":\"2019-12-19T10:35:07+00:00\",\"description\":\"Die Pilotierung der ethanolischen nativen Extraktion gesch\u00e4lter Rapssaat EthaNa ist ein vom Bundesministerium f\u00fcr Ern\u00e4hrung und Landwirtschaft (BMEL)\",\"breadcrumb\":{\"@id\":\"https:\/\/ethana.de\/?page_id=598#breadcrumb\"},\"inLanguage\":\"de\",\"potentialAction\":[{\"@type\":\"ReadAction\",\"target\":[\"https:\/\/ethana.de\/?page_id=598\"]}]},{\"@type\":\"BreadcrumbList\",\"@id\":\"https:\/\/ethana.de\/?page_id=598#breadcrumb\",\"itemListElement\":[{\"@type\":\"ListItem\",\"position\":1,\"name\":\"Startseite\",\"item\":\"https:\/\/ethana.de\/\"},{\"@type\":\"ListItem\",\"position\":2,\"name\":\"Impressum\"}]},{\"@type\":\"WebSite\",\"@id\":\"https:\/\/ethana.de\/#website\",\"url\":\"https:\/\/ethana.de\/\",\"name\":\"ethana.de\",\"description\":\"neuartiges Konzept zur Aufarbeitung von Raps\",\"potentialAction\":[{\"@type\":\"SearchAction\",\"target\":{\"@type\":\"EntryPoint\",\"urlTemplate\":\"https:\/\/ethana.de\/?s={search_term_string}\"},\"query-input\":\"required name=search_term_string\"}],\"inLanguage\":\"de\"}]}<\/script>\n<!-- \/ Yoast SEO plugin. -->","yoast_head_json":{"title":"Impressum","description":"Die Pilotierung der ethanolischen nativen Extraktion gesch\u00e4lter Rapssaat EthaNa ist ein vom Bundesministerium f\u00fcr Ern\u00e4hrung und Landwirtschaft (BMEL)","robots":{"index":"index","follow":"follow","max-snippet":"max-snippet:-1","max-image-preview":"max-image-preview:large","max-video-preview":"max-video-preview:-1"},"canonical":"https:\/\/ethana.de\/?page_id=598","og_locale":"de_DE","og_type":"article","og_title":"Impressum","og_description":"Die Pilotierung der ethanolischen nativen Extraktion gesch\u00e4lter Rapssaat EthaNa ist ein vom Bundesministerium f\u00fcr Ern\u00e4hrung und Landwirtschaft (BMEL)","og_url":"https:\/\/ethana.de\/?page_id=598","og_site_name":"ethana.de","article_modified_time":"2019-12-19T10:35:07+00:00","twitter_card":"summary_large_image","twitter_misc":{"Gesch\u00e4tzte Lesezeit":"1\u00a0Minute"},"schema":{"@context":"https:\/\/schema.org","@graph":[{"@type":"WebPage","@id":"https:\/\/ethana.de\/?page_id=598","url":"https:\/\/ethana.de\/?page_id=598","name":"Impressum","isPartOf":{"@id":"https:\/\/ethana.de\/#website"},"datePublished":"2018-06-06T13:15:37+00:00","dateModified":"2019-12-19T10:35:07+00:00","description":"Die Pilotierung der ethanolischen nativen Extraktion gesch\u00e4lter Rapssaat EthaNa ist ein vom Bundesministerium f\u00fcr Ern\u00e4hrung und Landwirtschaft (BMEL)","breadcrumb":{"@id":"https:\/\/ethana.de\/?page_id=598#breadcrumb"},"inLanguage":"de","potentialAction":[{"@type":"ReadAction","target":["https:\/\/ethana.de\/?page_id=598"]}]},{"@type":"BreadcrumbList","@id":"https:\/\/ethana.de\/?page_id=598#breadcrumb","itemListElement":[{"@type":"ListItem","position":1,"name":"Startseite","item":"https:\/\/ethana.de\/"},{"@type":"ListItem","position":2,"name":"Impressum"}]},{"@type":"WebSite","@id":"https:\/\/ethana.de\/#website","url":"https:\/\/ethana.de\/","name":"ethana.de","description":"neuartiges Konzept zur Aufarbeitung von Raps","potentialAction":[{"@type":"SearchAction","target":{"@type":"EntryPoint","urlTemplate":"https:\/\/ethana.de\/?s={search_term_string}"},"query-input":"required name=search_term_string"}],"inLanguage":"de"}]}},"_links":{"self":[{"href":"https:\/\/ethana.de\/index.php?rest_route=\/wp\/v2\/pages\/598"}],"collection":[{"href":"https:\/\/ethana.de\/index.php?rest_route=\/wp\/v2\/pages"}],"about":[{"href":"https:\/\/ethana.de\/index.php?rest_route=\/wp\/v2\/types\/page"}],"author":[{"embeddable":true,"href":"https:\/\/ethana.de\/index.php?rest_route=\/wp\/v2\/users\/3"}],"replies":[{"embeddable":true,"href":"https:\/\/ethana.de\/index.php?rest_route=%2Fwp%2Fv2%2Fcomments&post=598"}],"version-history":[{"count":20,"href":"https:\/\/ethana.de\/index.php?rest_route=\/wp\/v2\/pages\/598\/revisions"}],"predecessor-version":[{"id":907,"href":"https:\/\/ethana.de\/index.php?rest_route=\/wp\/v2\/pages\/598\/revisions\/907"}],"wp:attachment":[{"href":"https:\/\/ethana.de\/index.php?rest_route=%2Fwp%2Fv2%2Fmedia&parent=598"}],"curies":[{"name":"wp","href":"https:\/\/api.w.org\/{rel}","templated":true}]}}