{"id":77,"date":"2018-03-07T17:02:21","date_gmt":"2018-03-07T16:02:21","guid":{"rendered":"http:\/\/ethana.de\/?page_id=77"},"modified":"2018-06-11T16:37:24","modified_gmt":"2018-06-11T14:37:24","slug":"fraunhofer-institut-fuer-grenzflaechen-und-bioverfahrenstechnik-igb","status":"publish","type":"page","link":"https:\/\/ethana.de\/?page_id=77","title":{"rendered":"Fraunhofer-Institut f\u00fcr Grenzfl\u00e4chen- und Bioverfahrenstechnik IGB"},"content":{"rendered":"<p><a href=\"https:\/\/www.igb.fraunhofer.de\/\"><img loading=\"lazy\" decoding=\"async\" class=\"alignnone wp-image-177 size-medium\" src=\"https:\/\/ethana.de\/wp-content\/uploads\/Logo-IGB-300x85.jpg\" alt=\"Logo Fraunhofer IGB\" width=\"300\" height=\"85\" srcset=\"https:\/\/ethana.de\/wp-content\/uploads\/Logo-IGB-300x85.jpg 300w, https:\/\/ethana.de\/wp-content\/uploads\/Logo-IGB.jpg 375w\" sizes=\"(max-width: 300px) 100vw, 300px\" \/><\/a><\/p>\n<hr \/>\n<p>Das Fraunhofer IGB entwickelt und optimiert Verfahren, Produkte und Technologien f\u00fcr die Gesch\u00e4ftsfelder Gesundheit, Chemie und Prozessindustrie sowie Umwelt und Energie. Kunden bietet das IGB Komplettl\u00f6sungen von der Marktanalyse \u00fcber die Forschung bis zur anwendungsreifen Entwicklung. Dabei verbindet das IGB h\u00f6chste wissenschaftliche Qualit\u00e4t mit professionellem Know-how in seinen Kompetenzfeldern \u2013 stets mit Blick auf Wirtschaftlichkeit und Nachhaltigkeit. Auch der interdisziplin\u00e4re Austausch zwischen den f\u00fcnf FuE-Abteilungen in Stuttgart und den Institutsteilen an den Standorten Leuna und Straubing f\u00f6rdert Innovationen.<\/p>\n<p>In der Abteilung Grenzfl\u00e4chentechnologie und Materialwissenschaft des\u00a0 Fraunhofer\u2010Institut f\u00fcr Grenzfl\u00e4chen\u2010 und Bioverfahrenstechnik IGB werden seit vielen Jahren organische und anorganische spezifische Adsorberpartikel (SPAs) zur Abtrennung von Minorkomponenten (St\u00f6r\u2010 oder Wertstoffe) entwickelt. Das Fraunhofer IGB h\u00e4lt bez\u00fcglich der Adsorberpartikel und deren Einsatz in Pflanzen\u00f6len zwei relevante Patente (DE 10 2007 061 436, DE 100 31 859). Die Adsorberpartikel werden dabei in neue Verfahrenskonzepte zur Stofftrennung eingebunden. Sie werden hierzu auf polymere F\u00fcllk\u00f6rper aufgebracht oder als selektive Schicht in Membranen integriert.<\/p>\n<p>Das Fraunhofer IGB ist sehr gut im Bereich Analytik und Messmethoden ausgestattet, insbesondere zur Charakterisierung von Partikeln und Materialoberfl\u00e4chen. Neben Methoden der Standardanalytik \u2013 wie beispielsweise dynamischer Lichtstreuung, HPLC\u2010 oder GPC\u2010Analytik verf\u00fcgt die Oberfl\u00e4chenanalytik des Fraunhofer IGB \u00fcber ein umfangreiches Instrumentarium an hoch spezialisierten Methoden, Verfahren und Ger\u00e4ten. An Ober\u2010 und Grenzfl\u00e4chen, d\u00fcnnen Schichten, Pulvern, Partikeln sowie Membranen k\u00f6nnen die chemischen Eigenschaften (z. B. Element\u2010 und Oberfl\u00e4chenzusammensetzung), die physikalischen Eigenschaften (z. B. spezifische Oberfl\u00e4che, Schichtdicke und Benetzungseigenschaften) und die morphologischen Eigenschaften (z. B. Rauheit und Topografie) gemessen werden.<\/p>\n<hr \/>\n<p><a class=\"\" href=\"https:\/\/ethana.de\/verbundpartner\"><span class=\"screen-reader-text\">Verbundpartner<\/span><i class=\"fa fa-backward\"><\/i> zur\u00fcck zu Verbundpartner<\/a><\/p>\n","protected":false},"excerpt":{"rendered":"<p><img loading=\"lazy\" decoding=\"async\" class=\"alignleft wp-image-177 size-medium\" src=\"https:\/\/ethana.de\/wp-content\/uploads\/Logo-IGB-300x85.jpg\" alt=\"Logo Fraunhofer IGB\" width=\"300\" height=\"85\" srcset=\"https:\/\/ethana.de\/wp-content\/uploads\/Logo-IGB-300x85.jpg 300w, https:\/\/ethana.de\/wp-content\/uploads\/Logo-IGB.jpg 375w\" sizes=\"(max-width: 300px) 100vw, 300px\" \/>Das Fraunhofer IGB entwickelt und optimiert Verfahren, Produkte und Technologien f\u00fcr die Gesch\u00e4ftsfelder Gesundheit, Chemie und Prozessindustrie sowie Umwelt und Energie.<\/p>\n","protected":false},"author":2,"featured_media":0,"parent":42,"menu_order":3,"comment_status":"closed","ping_status":"closed","template":"","meta":{"footnotes":""},"yoast_head":"<!-- This site is optimized with the Yoast SEO plugin v21.5 - https:\/\/yoast.com\/wordpress\/plugins\/seo\/ -->\n<title>Fraunhofer-Institut f\u00fcr Grenzfl\u00e4chen- und Bioverfahrenstechnik IGB<\/title>\n<meta name=\"description\" content=\"Das Fraunhofer IGB entwickelt und optimiert Verfahren, Produkte und Technologien f\u00fcr die Gesch\u00e4ftsfelder Gesundheit, Chemie und Prozessindustrie sowie Umwelt und Energie.\" \/>\n<meta name=\"robots\" content=\"index, follow, max-snippet:-1, max-image-preview:large, max-video-preview:-1\" \/>\n<link rel=\"canonical\" href=\"https:\/\/ethana.de\/?page_id=77\" \/>\n<meta property=\"og:locale\" content=\"de_DE\" \/>\n<meta property=\"og:type\" content=\"article\" \/>\n<meta property=\"og:title\" content=\"Fraunhofer-Institut f\u00fcr Grenzfl\u00e4chen- und Bioverfahrenstechnik IGB\" \/>\n<meta property=\"og:description\" content=\"Das Fraunhofer IGB entwickelt und optimiert Verfahren, Produkte und Technologien f\u00fcr die Gesch\u00e4ftsfelder Gesundheit, Chemie und Prozessindustrie sowie Umwelt und Energie.\" \/>\n<meta property=\"og:url\" content=\"https:\/\/ethana.de\/?page_id=77\" \/>\n<meta property=\"og:site_name\" content=\"ethana.de\" \/>\n<meta property=\"article:modified_time\" content=\"2018-06-11T14:37:24+00:00\" \/>\n<meta property=\"og:image\" content=\"https:\/\/ethana.de\/wp-content\/uploads\/Logo-IGB-300x85.jpg\" \/>\n<meta name=\"twitter:card\" content=\"summary_large_image\" \/>\n<meta name=\"twitter:label1\" content=\"Gesch\u00e4tzte Lesezeit\" \/>\n\t<meta name=\"twitter:data1\" content=\"1\u00a0Minute\" \/>\n<script type=\"application\/ld+json\" class=\"yoast-schema-graph\">{\"@context\":\"https:\/\/schema.org\",\"@graph\":[{\"@type\":\"WebPage\",\"@id\":\"https:\/\/ethana.de\/?page_id=77\",\"url\":\"https:\/\/ethana.de\/?page_id=77\",\"name\":\"Fraunhofer-Institut f\u00fcr Grenzfl\u00e4chen- und Bioverfahrenstechnik IGB\",\"isPartOf\":{\"@id\":\"https:\/\/ethana.de\/#website\"},\"datePublished\":\"2018-03-07T16:02:21+00:00\",\"dateModified\":\"2018-06-11T14:37:24+00:00\",\"description\":\"Das Fraunhofer IGB entwickelt und optimiert Verfahren, Produkte und Technologien f\u00fcr die Gesch\u00e4ftsfelder Gesundheit, Chemie und Prozessindustrie sowie Umwelt und Energie.\",\"breadcrumb\":{\"@id\":\"https:\/\/ethana.de\/?page_id=77#breadcrumb\"},\"inLanguage\":\"de\",\"potentialAction\":[{\"@type\":\"ReadAction\",\"target\":[\"https:\/\/ethana.de\/?page_id=77\"]}]},{\"@type\":\"BreadcrumbList\",\"@id\":\"https:\/\/ethana.de\/?page_id=77#breadcrumb\",\"itemListElement\":[{\"@type\":\"ListItem\",\"position\":1,\"name\":\"Startseite\",\"item\":\"https:\/\/ethana.de\/\"},{\"@type\":\"ListItem\",\"position\":2,\"name\":\"Verbundpartner\",\"item\":\"https:\/\/ethana.de\/?page_id=42\"},{\"@type\":\"ListItem\",\"position\":3,\"name\":\"Fraunhofer-Institut f\u00fcr Grenzfl\u00e4chen- und Bioverfahrenstechnik IGB\"}]},{\"@type\":\"WebSite\",\"@id\":\"https:\/\/ethana.de\/#website\",\"url\":\"https:\/\/ethana.de\/\",\"name\":\"ethana.de\",\"description\":\"neuartiges Konzept zur Aufarbeitung von Raps\",\"potentialAction\":[{\"@type\":\"SearchAction\",\"target\":{\"@type\":\"EntryPoint\",\"urlTemplate\":\"https:\/\/ethana.de\/?s={search_term_string}\"},\"query-input\":\"required name=search_term_string\"}],\"inLanguage\":\"de\"}]}<\/script>\n<!-- \/ Yoast SEO plugin. -->","yoast_head_json":{"title":"Fraunhofer-Institut f\u00fcr Grenzfl\u00e4chen- und Bioverfahrenstechnik IGB","description":"Das Fraunhofer IGB entwickelt und optimiert Verfahren, Produkte und Technologien f\u00fcr die Gesch\u00e4ftsfelder Gesundheit, Chemie und Prozessindustrie sowie Umwelt und Energie.","robots":{"index":"index","follow":"follow","max-snippet":"max-snippet:-1","max-image-preview":"max-image-preview:large","max-video-preview":"max-video-preview:-1"},"canonical":"https:\/\/ethana.de\/?page_id=77","og_locale":"de_DE","og_type":"article","og_title":"Fraunhofer-Institut f\u00fcr Grenzfl\u00e4chen- und Bioverfahrenstechnik IGB","og_description":"Das Fraunhofer IGB entwickelt und optimiert Verfahren, Produkte und Technologien f\u00fcr die Gesch\u00e4ftsfelder Gesundheit, Chemie und Prozessindustrie sowie Umwelt und Energie.","og_url":"https:\/\/ethana.de\/?page_id=77","og_site_name":"ethana.de","article_modified_time":"2018-06-11T14:37:24+00:00","og_image":[{"url":"https:\/\/ethana.de\/wp-content\/uploads\/Logo-IGB-300x85.jpg"}],"twitter_card":"summary_large_image","twitter_misc":{"Gesch\u00e4tzte Lesezeit":"1\u00a0Minute"},"schema":{"@context":"https:\/\/schema.org","@graph":[{"@type":"WebPage","@id":"https:\/\/ethana.de\/?page_id=77","url":"https:\/\/ethana.de\/?page_id=77","name":"Fraunhofer-Institut f\u00fcr Grenzfl\u00e4chen- und Bioverfahrenstechnik IGB","isPartOf":{"@id":"https:\/\/ethana.de\/#website"},"datePublished":"2018-03-07T16:02:21+00:00","dateModified":"2018-06-11T14:37:24+00:00","description":"Das Fraunhofer IGB entwickelt und optimiert Verfahren, Produkte und Technologien f\u00fcr die Gesch\u00e4ftsfelder Gesundheit, Chemie und Prozessindustrie sowie Umwelt und Energie.","breadcrumb":{"@id":"https:\/\/ethana.de\/?page_id=77#breadcrumb"},"inLanguage":"de","potentialAction":[{"@type":"ReadAction","target":["https:\/\/ethana.de\/?page_id=77"]}]},{"@type":"BreadcrumbList","@id":"https:\/\/ethana.de\/?page_id=77#breadcrumb","itemListElement":[{"@type":"ListItem","position":1,"name":"Startseite","item":"https:\/\/ethana.de\/"},{"@type":"ListItem","position":2,"name":"Verbundpartner","item":"https:\/\/ethana.de\/?page_id=42"},{"@type":"ListItem","position":3,"name":"Fraunhofer-Institut f\u00fcr Grenzfl\u00e4chen- und Bioverfahrenstechnik IGB"}]},{"@type":"WebSite","@id":"https:\/\/ethana.de\/#website","url":"https:\/\/ethana.de\/","name":"ethana.de","description":"neuartiges Konzept zur Aufarbeitung von Raps","potentialAction":[{"@type":"SearchAction","target":{"@type":"EntryPoint","urlTemplate":"https:\/\/ethana.de\/?s={search_term_string}"},"query-input":"required name=search_term_string"}],"inLanguage":"de"}]}},"_links":{"self":[{"href":"https:\/\/ethana.de\/index.php?rest_route=\/wp\/v2\/pages\/77"}],"collection":[{"href":"https:\/\/ethana.de\/index.php?rest_route=\/wp\/v2\/pages"}],"about":[{"href":"https:\/\/ethana.de\/index.php?rest_route=\/wp\/v2\/types\/page"}],"author":[{"embeddable":true,"href":"https:\/\/ethana.de\/index.php?rest_route=\/wp\/v2\/users\/2"}],"replies":[{"embeddable":true,"href":"https:\/\/ethana.de\/index.php?rest_route=%2Fwp%2Fv2%2Fcomments&post=77"}],"version-history":[{"count":10,"href":"https:\/\/ethana.de\/index.php?rest_route=\/wp\/v2\/pages\/77\/revisions"}],"predecessor-version":[{"id":640,"href":"https:\/\/ethana.de\/index.php?rest_route=\/wp\/v2\/pages\/77\/revisions\/640"}],"up":[{"embeddable":true,"href":"https:\/\/ethana.de\/index.php?rest_route=\/wp\/v2\/pages\/42"}],"wp:attachment":[{"href":"https:\/\/ethana.de\/index.php?rest_route=%2Fwp%2Fv2%2Fmedia&parent=77"}],"curies":[{"name":"wp","href":"https:\/\/api.w.org\/{rel}","templated":true}]}}